{"id":4700,"date":"2025-09-03T07:58:04","date_gmt":"2025-09-03T06:58:04","guid":{"rendered":"https:\/\/kvt-info.shop\/produkt\/anfangsrolle-spannrolle-ballig-am-anleger-einzug-oe60xoe35x34mm-fuer-bobst-alpina-75\/"},"modified":"2025-09-03T07:58:18","modified_gmt":"2025-09-03T06:58:18","slug":"4700","status":"publish","type":"product","link":"https:\/\/kvt-info.shop\/en\/produkt\/4700\/","title":{"rendered":"Anfangsrolle \/ Spannrolle ballig am Anleger Einzug \u00d860x\u00d835x34mm f\u00fcr Bobst Alpina 75"},"content":{"rendered":"<p>Anfangsrolle \/ Spannrolle am Anleger Einzug f\u00fcr Bobst Alpina 75, mit folgenden Ma\u00dfen: \u00d8Aussen= 60mm, \u00d8Bohrung= 35mm, Breite= 34mm, ballig.<\/p>\n","protected":false},"excerpt":{"rendered":"<p>Anfangsrolle \/ Spannrolle am Anleger Einzug f\u00fcr Bobst Alpina 75, mit folgenden Ma\u00dfen: \u00d8Aussen= 60mm, \u00d8Bohrung= 35mm, Breite= 34mm, ballig.<\/p>\n","protected":false},"featured_media":0,"template":"","meta":{"_themeisle_gutenberg_block_has_review":false},"product_brand":[],"product_cat":[15],"product_tag":[],"class_list":{"0":"post-4700","1":"product","2":"type-product","3":"status-publish","5":"product_cat-unkategorisiert","7":"first","8":"instock","9":"purchasable","10":"product-type-simple"},"_links":{"self":[{"href":"https:\/\/kvt-info.shop\/en\/wp-json\/wp\/v2\/product\/4700","targetHints":{"allow":["GET"]}}],"collection":[{"href":"https:\/\/kvt-info.shop\/en\/wp-json\/wp\/v2\/product"}],"about":[{"href":"https:\/\/kvt-info.shop\/en\/wp-json\/wp\/v2\/types\/product"}],"wp:attachment":[{"href":"https:\/\/kvt-info.shop\/en\/wp-json\/wp\/v2\/media?parent=4700"}],"wp:term":[{"taxonomy":"product_brand","embeddable":true,"href":"https:\/\/kvt-info.shop\/en\/wp-json\/wp\/v2\/product_brand?post=4700"},{"taxonomy":"product_cat","embeddable":true,"href":"https:\/\/kvt-info.shop\/en\/wp-json\/wp\/v2\/product_cat?post=4700"},{"taxonomy":"product_tag","embeddable":true,"href":"https:\/\/kvt-info.shop\/en\/wp-json\/wp\/v2\/product_tag?post=4700"}],"curies":[{"name":"wp","href":"https:\/\/api.w.org\/{rel}","templated":true}]}}