{"id":4698,"date":"2026-01-31T16:38:11","date_gmt":"2026-01-31T15:38:11","guid":{"rendered":"https:\/\/kvt-info.shop\/produkt\/pom-rolle-oe63-x20mm-1-einstiche-ohne-kugellager-jagenberg-diana-45\/"},"modified":"2026-01-31T16:38:14","modified_gmt":"2026-01-31T15:38:14","slug":"pom-rolle-oe63-x20mm-1-einstiche-ohne-kugellager-jagenberg-diana-45","status":"publish","type":"product","link":"https:\/\/kvt-info.shop\/en\/produkt\/pom-rolle-oe63-x20mm-1-einstiche-ohne-kugellager-jagenberg-diana-45\/","title":{"rendered":"POM-Rolle \u00d863 x20mm 1 Einstiche ohne Kugellager Jagenberg Diana 45"},"content":{"rendered":"<p>POM Rolle ballig f\u00fcr Jagenberg Diana 45-2 mit folgenden Ma\u00dfen: A\u00d8=63 mm x I\u00d8=32mm, Breite.=20mm, ohne Kugellager und Sicherungsring.<\/p>\n","protected":false},"excerpt":{"rendered":"<p>POM Rolle ballig f\u00fcr Jagenberg Diana 45-2 mit folgenden Ma\u00dfen: A\u00d8=63 mm x I\u00d8=32mm, Breite.=20mm, ohne Kugellager und Sicherungsring.<\/p>\n","protected":false},"featured_media":0,"template":"","meta":{"_themeisle_gutenberg_block_has_review":false},"product_brand":[],"product_cat":[15],"product_tag":[],"class_list":{"0":"post-4698","1":"product","2":"type-product","3":"status-publish","5":"product_cat-unkategorisiert","7":"first","8":"instock","9":"purchasable","10":"product-type-simple"},"_links":{"self":[{"href":"https:\/\/kvt-info.shop\/en\/wp-json\/wp\/v2\/product\/4698","targetHints":{"allow":["GET"]}}],"collection":[{"href":"https:\/\/kvt-info.shop\/en\/wp-json\/wp\/v2\/product"}],"about":[{"href":"https:\/\/kvt-info.shop\/en\/wp-json\/wp\/v2\/types\/product"}],"wp:attachment":[{"href":"https:\/\/kvt-info.shop\/en\/wp-json\/wp\/v2\/media?parent=4698"}],"wp:term":[{"taxonomy":"product_brand","embeddable":true,"href":"https:\/\/kvt-info.shop\/en\/wp-json\/wp\/v2\/product_brand?post=4698"},{"taxonomy":"product_cat","embeddable":true,"href":"https:\/\/kvt-info.shop\/en\/wp-json\/wp\/v2\/product_cat?post=4698"},{"taxonomy":"product_tag","embeddable":true,"href":"https:\/\/kvt-info.shop\/en\/wp-json\/wp\/v2\/product_tag?post=4698"}],"curies":[{"name":"wp","href":"https:\/\/api.w.org\/{rel}","templated":true}]}}