{"id":4693,"date":"2026-01-31T16:49:26","date_gmt":"2026-01-31T15:49:26","guid":{"rendered":"https:\/\/kvt-info.shop\/produkt\/antriebsrolle-faltstation-24mm-riemenbr-lagersitz-30mm-fuer-jagenberg-diana-115-125\/"},"modified":"2026-01-31T16:49:40","modified_gmt":"2026-01-31T15:49:40","slug":"antriebsrolle-faltstation-24mm-riemenbr-lagersitz-30mm-fuer-jagenberg-diana-115-125","status":"publish","type":"product","link":"https:\/\/kvt-info.shop\/en\/produkt\/antriebsrolle-faltstation-24mm-riemenbr-lagersitz-30mm-fuer-jagenberg-diana-115-125\/","title":{"rendered":"Antriebsrolle Faltstation 24mm Riemenbr. Lagersitz 30mm f\u00fcr Jagenberg Diana 115-125"},"content":{"rendered":"<p>Antriebsrolle f\u00fcr Faltstation \u00d863x24mm mit Lagersitz \u00d830x29mm_x000D__x000D_<br \/>\nJagenberg Diana 115\/125 f\u00fcr 16-Vierkantantriebsscheibe_x000D__x000D_<\/p>\n","protected":false},"excerpt":{"rendered":"<p>Antriebsrolle f\u00fcr Faltstation \u00d863x24mm mit Lagersitz \u00d830x29mm_x000D__x000D_ Jagenberg Diana 115\/125 f\u00fcr 16-Vierkantantriebsscheibe_x000D__x000D_<\/p>\n","protected":false},"featured_media":0,"template":"","meta":{"_themeisle_gutenberg_block_has_review":false},"product_brand":[],"product_cat":[15],"product_tag":[],"class_list":{"0":"post-4693","1":"product","2":"type-product","3":"status-publish","5":"product_cat-unkategorisiert","7":"first","8":"instock","9":"purchasable","10":"product-type-simple"},"_links":{"self":[{"href":"https:\/\/kvt-info.shop\/en\/wp-json\/wp\/v2\/product\/4693","targetHints":{"allow":["GET"]}}],"collection":[{"href":"https:\/\/kvt-info.shop\/en\/wp-json\/wp\/v2\/product"}],"about":[{"href":"https:\/\/kvt-info.shop\/en\/wp-json\/wp\/v2\/types\/product"}],"wp:attachment":[{"href":"https:\/\/kvt-info.shop\/en\/wp-json\/wp\/v2\/media?parent=4693"}],"wp:term":[{"taxonomy":"product_brand","embeddable":true,"href":"https:\/\/kvt-info.shop\/en\/wp-json\/wp\/v2\/product_brand?post=4693"},{"taxonomy":"product_cat","embeddable":true,"href":"https:\/\/kvt-info.shop\/en\/wp-json\/wp\/v2\/product_cat?post=4693"},{"taxonomy":"product_tag","embeddable":true,"href":"https:\/\/kvt-info.shop\/en\/wp-json\/wp\/v2\/product_tag?post=4693"}],"curies":[{"name":"wp","href":"https:\/\/api.w.org\/{rel}","templated":true}]}}