{"id":4685,"date":"2026-01-31T16:40:03","date_gmt":"2026-01-31T15:40:03","guid":{"rendered":"https:\/\/kvt-info.shop\/produkt\/spiralfeder-flach-gross-fuer-aufreisshaken-jagenberg-diana\/"},"modified":"2026-01-31T16:40:05","modified_gmt":"2026-01-31T15:40:05","slug":"spiralfeder-flach-gross-fuer-aufreisshaken-jagenberg-diana","status":"publish","type":"product","link":"https:\/\/kvt-info.shop\/en\/produkt\/spiralfeder-flach-gross-fuer-aufreisshaken-jagenberg-diana\/","title":{"rendered":"Spiralfeder flach gro\u00df f\u00fcr Aufrei\u00dfhaken Jagenberg Diana"},"content":{"rendered":"<p>Spiralfeder (flach) gro\u00dfe Ausf\u00fchrung f\u00fcr Jagenberg Aufrei\u00dfhaken<\/p>\n","protected":false},"excerpt":{"rendered":"<p>Spiralfeder (flach) gro\u00dfe Ausf\u00fchrung f\u00fcr Jagenberg Aufrei\u00dfhaken<\/p>\n","protected":false},"featured_media":0,"template":"","meta":{"_themeisle_gutenberg_block_has_review":false},"product_brand":[],"product_cat":[15],"product_tag":[],"class_list":{"0":"post-4685","1":"product","2":"type-product","3":"status-publish","5":"product_cat-unkategorisiert","7":"first","8":"instock","9":"purchasable","10":"product-type-simple"},"_links":{"self":[{"href":"https:\/\/kvt-info.shop\/en\/wp-json\/wp\/v2\/product\/4685","targetHints":{"allow":["GET"]}}],"collection":[{"href":"https:\/\/kvt-info.shop\/en\/wp-json\/wp\/v2\/product"}],"about":[{"href":"https:\/\/kvt-info.shop\/en\/wp-json\/wp\/v2\/types\/product"}],"wp:attachment":[{"href":"https:\/\/kvt-info.shop\/en\/wp-json\/wp\/v2\/media?parent=4685"}],"wp:term":[{"taxonomy":"product_brand","embeddable":true,"href":"https:\/\/kvt-info.shop\/en\/wp-json\/wp\/v2\/product_brand?post=4685"},{"taxonomy":"product_cat","embeddable":true,"href":"https:\/\/kvt-info.shop\/en\/wp-json\/wp\/v2\/product_cat?post=4685"},{"taxonomy":"product_tag","embeddable":true,"href":"https:\/\/kvt-info.shop\/en\/wp-json\/wp\/v2\/product_tag?post=4685"}],"curies":[{"name":"wp","href":"https:\/\/api.w.org\/{rel}","templated":true}]}}