{"id":4681,"date":"2026-01-31T16:42:32","date_gmt":"2026-01-31T15:42:32","guid":{"rendered":"https:\/\/kvt-info.shop\/produkt\/annaehrungsschalter-ausrichtung-bobst-sp104-e\/"},"modified":"2026-01-31T16:42:43","modified_gmt":"2026-01-31T15:42:43","slug":"annaehrungsschalter-ausrichtung-bobst-sp104-e","status":"publish","type":"product","link":"https:\/\/kvt-info.shop\/en\/produkt\/annaehrungsschalter-ausrichtung-bobst-sp104-e\/","title":{"rendered":"Ann\u00e4hrungsschalter Ausrichtung Bobst SP104-E"},"content":{"rendered":"<p>Ann\u00e4hrungsschalter f\u00fcr Ausrichtung nach dem Anleger Bobst SP104-E.<\/p>\n","protected":false},"excerpt":{"rendered":"<p>Ann\u00e4hrungsschalter f\u00fcr Ausrichtung nach dem Anleger Bobst SP104-E.<\/p>\n","protected":false},"featured_media":0,"template":"","meta":{"_themeisle_gutenberg_block_has_review":false},"product_brand":[],"product_cat":[15],"product_tag":[],"class_list":{"0":"post-4681","1":"product","2":"type-product","3":"status-publish","5":"product_cat-unkategorisiert","7":"first","8":"instock","9":"purchasable","10":"product-type-simple"},"_links":{"self":[{"href":"https:\/\/kvt-info.shop\/en\/wp-json\/wp\/v2\/product\/4681","targetHints":{"allow":["GET"]}}],"collection":[{"href":"https:\/\/kvt-info.shop\/en\/wp-json\/wp\/v2\/product"}],"about":[{"href":"https:\/\/kvt-info.shop\/en\/wp-json\/wp\/v2\/types\/product"}],"wp:attachment":[{"href":"https:\/\/kvt-info.shop\/en\/wp-json\/wp\/v2\/media?parent=4681"}],"wp:term":[{"taxonomy":"product_brand","embeddable":true,"href":"https:\/\/kvt-info.shop\/en\/wp-json\/wp\/v2\/product_brand?post=4681"},{"taxonomy":"product_cat","embeddable":true,"href":"https:\/\/kvt-info.shop\/en\/wp-json\/wp\/v2\/product_cat?post=4681"},{"taxonomy":"product_tag","embeddable":true,"href":"https:\/\/kvt-info.shop\/en\/wp-json\/wp\/v2\/product_tag?post=4681"}],"curies":[{"name":"wp","href":"https:\/\/api.w.org\/{rel}","templated":true}]}}