{"id":4672,"date":"2026-01-31T16:48:50","date_gmt":"2026-01-31T15:48:50","guid":{"rendered":"https:\/\/kvt-info.shop\/produkt\/vorschaber-fuer-leimscheibe-5mm-fuer-bobst\/"},"modified":"2026-01-31T16:48:55","modified_gmt":"2026-01-31T15:48:55","slug":"vorschaber-fuer-leimscheibe-5mm-fuer-bobst","status":"publish","type":"product","link":"https:\/\/kvt-info.shop\/en\/produkt\/vorschaber-fuer-leimscheibe-5mm-fuer-bobst\/","title":{"rendered":"Vorschaber f\u00fcr Leimscheibe 5mm f\u00fcr Bobst"},"content":{"rendered":"<p>Vorschaber f\u00fcr Leimscheibe 5mm, Edelstahl f\u00fcr Scheibenunterleimwerk Bobst.<\/p>\n","protected":false},"excerpt":{"rendered":"<p>Vorschaber f\u00fcr Leimscheibe 5mm, Edelstahl f\u00fcr Scheibenunterleimwerk Bobst.<\/p>\n","protected":false},"featured_media":0,"template":"","meta":{"_themeisle_gutenberg_block_has_review":false},"product_brand":[],"product_cat":[15],"product_tag":[],"class_list":{"0":"post-4672","1":"product","2":"type-product","3":"status-publish","5":"product_cat-unkategorisiert","7":"first","8":"instock","9":"purchasable","10":"product-type-simple"},"_links":{"self":[{"href":"https:\/\/kvt-info.shop\/en\/wp-json\/wp\/v2\/product\/4672","targetHints":{"allow":["GET"]}}],"collection":[{"href":"https:\/\/kvt-info.shop\/en\/wp-json\/wp\/v2\/product"}],"about":[{"href":"https:\/\/kvt-info.shop\/en\/wp-json\/wp\/v2\/types\/product"}],"wp:attachment":[{"href":"https:\/\/kvt-info.shop\/en\/wp-json\/wp\/v2\/media?parent=4672"}],"wp:term":[{"taxonomy":"product_brand","embeddable":true,"href":"https:\/\/kvt-info.shop\/en\/wp-json\/wp\/v2\/product_brand?post=4672"},{"taxonomy":"product_cat","embeddable":true,"href":"https:\/\/kvt-info.shop\/en\/wp-json\/wp\/v2\/product_cat?post=4672"},{"taxonomy":"product_tag","embeddable":true,"href":"https:\/\/kvt-info.shop\/en\/wp-json\/wp\/v2\/product_tag?post=4672"}],"curies":[{"name":"wp","href":"https:\/\/api.w.org\/{rel}","templated":true}]}}