{"id":4670,"date":"2026-01-31T16:56:19","date_gmt":"2026-01-31T15:56:19","guid":{"rendered":"https:\/\/kvt-info.shop\/produkt\/leimscheibe-oe250mm-x-10mm-jagenberg-diana\/"},"modified":"2026-01-31T16:56:24","modified_gmt":"2026-01-31T15:56:24","slug":"leimscheibe-oe250mm-x-10mm-jagenberg-diana","status":"publish","type":"product","link":"https:\/\/kvt-info.shop\/en\/produkt\/leimscheibe-oe250mm-x-10mm-jagenberg-diana\/","title":{"rendered":"Leimscheibe \u00d8250mm x 10mm Jagenberg Diana"},"content":{"rendered":"<p>Leimscheibe f\u00fcr Jagenberg Diana Scheibenunterleimwerk neu \u00d8250x10mm \/ Bohrung 35mm<\/p>\n","protected":false},"excerpt":{"rendered":"<p>Leimscheibe f\u00fcr Jagenberg Diana Scheibenunterleimwerk neu \u00d8250x10mm \/ Bohrung 35mm<\/p>\n","protected":false},"featured_media":0,"template":"","meta":{"_themeisle_gutenberg_block_has_review":false},"product_brand":[],"product_cat":[15],"product_tag":[],"class_list":{"0":"post-4670","1":"product","2":"type-product","3":"status-publish","5":"product_cat-unkategorisiert","7":"first","8":"instock","9":"purchasable","10":"product-type-simple"},"_links":{"self":[{"href":"https:\/\/kvt-info.shop\/en\/wp-json\/wp\/v2\/product\/4670","targetHints":{"allow":["GET"]}}],"collection":[{"href":"https:\/\/kvt-info.shop\/en\/wp-json\/wp\/v2\/product"}],"about":[{"href":"https:\/\/kvt-info.shop\/en\/wp-json\/wp\/v2\/types\/product"}],"wp:attachment":[{"href":"https:\/\/kvt-info.shop\/en\/wp-json\/wp\/v2\/media?parent=4670"}],"wp:term":[{"taxonomy":"product_brand","embeddable":true,"href":"https:\/\/kvt-info.shop\/en\/wp-json\/wp\/v2\/product_brand?post=4670"},{"taxonomy":"product_cat","embeddable":true,"href":"https:\/\/kvt-info.shop\/en\/wp-json\/wp\/v2\/product_cat?post=4670"},{"taxonomy":"product_tag","embeddable":true,"href":"https:\/\/kvt-info.shop\/en\/wp-json\/wp\/v2\/product_tag?post=4670"}],"curies":[{"name":"wp","href":"https:\/\/api.w.org\/{rel}","templated":true}]}}