{"id":4667,"date":"2026-01-31T16:46:16","date_gmt":"2026-01-31T15:46:16","guid":{"rendered":"https:\/\/kvt-info.shop\/produkt\/schulterpassschraube-mit-messingbuchse-fuer-rollenschiene-jagenberg-diana-115\/"},"modified":"2026-01-31T16:46:38","modified_gmt":"2026-01-31T15:46:38","slug":"schulterpassschraube-mit-messingbuchse-fuer-rollenschiene-jagenberg-diana-115","status":"publish","type":"product","link":"https:\/\/kvt-info.shop\/en\/produkt\/schulterpassschraube-mit-messingbuchse-fuer-rollenschiene-jagenberg-diana-115\/","title":{"rendered":"Schulterpassschraube mit Messingbuchse f\u00fcr Rollenschiene Jagenberg Diana 115"},"content":{"rendered":"<p>Schulterpassschraube mit Messingbuchse f\u00fcr Rollenschiene Jagenberg Diana 115, mit folgenden Ma\u00dfen: Messingbuchse \u00d8A=22mm, \u00d8I=16mm, L\u00e4nge 25mm, Schulterpasschraube SW19, \u00d8=16mm, L\u00e4nge=45mm.<\/p>\n","protected":false},"excerpt":{"rendered":"<p>Schulterpassschraube mit Messingbuchse f\u00fcr Rollenschiene Jagenberg Diana 115, mit folgenden Ma\u00dfen: Messingbuchse \u00d8A=22mm, \u00d8I=16mm, L\u00e4nge 25mm, Schulterpasschraube SW19, \u00d8=16mm, L\u00e4nge=45mm.<\/p>\n","protected":false},"featured_media":0,"template":"","meta":{"_themeisle_gutenberg_block_has_review":false},"product_brand":[],"product_cat":[15],"product_tag":[],"class_list":{"0":"post-4667","1":"product","2":"type-product","3":"status-publish","5":"product_cat-unkategorisiert","7":"first","8":"instock","9":"purchasable","10":"product-type-simple"},"_links":{"self":[{"href":"https:\/\/kvt-info.shop\/en\/wp-json\/wp\/v2\/product\/4667","targetHints":{"allow":["GET"]}}],"collection":[{"href":"https:\/\/kvt-info.shop\/en\/wp-json\/wp\/v2\/product"}],"about":[{"href":"https:\/\/kvt-info.shop\/en\/wp-json\/wp\/v2\/types\/product"}],"wp:attachment":[{"href":"https:\/\/kvt-info.shop\/en\/wp-json\/wp\/v2\/media?parent=4667"}],"wp:term":[{"taxonomy":"product_brand","embeddable":true,"href":"https:\/\/kvt-info.shop\/en\/wp-json\/wp\/v2\/product_brand?post=4667"},{"taxonomy":"product_cat","embeddable":true,"href":"https:\/\/kvt-info.shop\/en\/wp-json\/wp\/v2\/product_cat?post=4667"},{"taxonomy":"product_tag","embeddable":true,"href":"https:\/\/kvt-info.shop\/en\/wp-json\/wp\/v2\/product_tag?post=4667"}],"curies":[{"name":"wp","href":"https:\/\/api.w.org\/{rel}","templated":true}]}}