{"id":4663,"date":"2026-01-31T16:45:03","date_gmt":"2026-01-31T15:45:03","guid":{"rendered":"https:\/\/kvt-info.shop\/produkt\/hartmetall-einsatz-fuer-einzugslehre-anleger-94-x-30-jagenberg-diana\/"},"modified":"2026-01-31T16:45:20","modified_gmt":"2026-01-31T15:45:20","slug":"hartmetall-einsatz-fuer-einzugslehre-anleger-94-x-30-jagenberg-diana","status":"publish","type":"product","link":"https:\/\/kvt-info.shop\/en\/produkt\/hartmetall-einsatz-fuer-einzugslehre-anleger-94-x-30-jagenberg-diana\/","title":{"rendered":"Hartmetall Einsatz f\u00fcr Einzugslehre Anleger 94 x 30 Jagenberg Diana"},"content":{"rendered":"<p>Hartmetall Einsatz f\u00fcr Anleger Einzugslehre \/ Einzugszunge einer Jagenberg Diana, mit folgenden Ma\u00dfen: Gesamtl\u00e4nge= 94mm, Breite= 30mm, 3 Bohrungen \u00d85,2mm, beidseitig doppelt Angeschliffen.<\/p>\n","protected":false},"excerpt":{"rendered":"<p>Hartmetall Einsatz f\u00fcr Anleger Einzugslehre \/ Einzugszunge einer Jagenberg Diana, mit folgenden Ma\u00dfen: Gesamtl\u00e4nge= 94mm, Breite= 30mm, 3 Bohrungen \u00d85,2mm, beidseitig doppelt Angeschliffen.<\/p>\n","protected":false},"featured_media":0,"template":"","meta":{"_themeisle_gutenberg_block_has_review":false},"product_brand":[],"product_cat":[15],"product_tag":[],"class_list":{"0":"post-4663","1":"product","2":"type-product","3":"status-publish","5":"product_cat-unkategorisiert","7":"first","8":"instock","9":"purchasable","10":"product-type-simple"},"_links":{"self":[{"href":"https:\/\/kvt-info.shop\/en\/wp-json\/wp\/v2\/product\/4663","targetHints":{"allow":["GET"]}}],"collection":[{"href":"https:\/\/kvt-info.shop\/en\/wp-json\/wp\/v2\/product"}],"about":[{"href":"https:\/\/kvt-info.shop\/en\/wp-json\/wp\/v2\/types\/product"}],"wp:attachment":[{"href":"https:\/\/kvt-info.shop\/en\/wp-json\/wp\/v2\/media?parent=4663"}],"wp:term":[{"taxonomy":"product_brand","embeddable":true,"href":"https:\/\/kvt-info.shop\/en\/wp-json\/wp\/v2\/product_brand?post=4663"},{"taxonomy":"product_cat","embeddable":true,"href":"https:\/\/kvt-info.shop\/en\/wp-json\/wp\/v2\/product_cat?post=4663"},{"taxonomy":"product_tag","embeddable":true,"href":"https:\/\/kvt-info.shop\/en\/wp-json\/wp\/v2\/product_tag?post=4663"}],"curies":[{"name":"wp","href":"https:\/\/api.w.org\/{rel}","templated":true}]}}