{"id":4661,"date":"2026-01-31T16:47:35","date_gmt":"2026-01-31T15:47:35","guid":{"rendered":"https:\/\/kvt-info.shop\/produkt\/lichtschranke-fuer-dlk-ventil-duese-baumer-hhs-mit-anschlussstecker\/"},"modified":"2026-01-31T16:47:57","modified_gmt":"2026-01-31T15:47:57","slug":"lichtschranke-fuer-dlk-ventil-duese-baumer-hhs-mit-anschlussstecker","status":"publish","type":"product","link":"https:\/\/kvt-info.shop\/en\/produkt\/lichtschranke-fuer-dlk-ventil-duese-baumer-hhs-mit-anschlussstecker\/","title":{"rendered":"Lichtschranke f\u00fcr DLK Ventil\/D\u00fcse Baumer HHS mit Anschlu\u00dfstecker"},"content":{"rendered":"<p>Lichtschranke f\u00fcr DLK Ventil\/D\u00fcse Baumer HHS mit Anschlu\u00dfstecker.<\/p>\n","protected":false},"excerpt":{"rendered":"<p>Lichtschranke f\u00fcr DLK Ventil\/D\u00fcse Baumer HHS mit Anschlu\u00dfstecker.<\/p>\n","protected":false},"featured_media":0,"template":"","meta":{"_themeisle_gutenberg_block_has_review":false},"product_brand":[],"product_cat":[15],"product_tag":[],"class_list":{"0":"post-4661","1":"product","2":"type-product","3":"status-publish","5":"product_cat-unkategorisiert","7":"first","8":"instock","9":"purchasable","10":"product-type-simple"},"_links":{"self":[{"href":"https:\/\/kvt-info.shop\/en\/wp-json\/wp\/v2\/product\/4661","targetHints":{"allow":["GET"]}}],"collection":[{"href":"https:\/\/kvt-info.shop\/en\/wp-json\/wp\/v2\/product"}],"about":[{"href":"https:\/\/kvt-info.shop\/en\/wp-json\/wp\/v2\/types\/product"}],"wp:attachment":[{"href":"https:\/\/kvt-info.shop\/en\/wp-json\/wp\/v2\/media?parent=4661"}],"wp:term":[{"taxonomy":"product_brand","embeddable":true,"href":"https:\/\/kvt-info.shop\/en\/wp-json\/wp\/v2\/product_brand?post=4661"},{"taxonomy":"product_cat","embeddable":true,"href":"https:\/\/kvt-info.shop\/en\/wp-json\/wp\/v2\/product_cat?post=4661"},{"taxonomy":"product_tag","embeddable":true,"href":"https:\/\/kvt-info.shop\/en\/wp-json\/wp\/v2\/product_tag?post=4661"}],"curies":[{"name":"wp","href":"https:\/\/api.w.org\/{rel}","templated":true}]}}