{"id":4660,"date":"2026-01-31T16:52:33","date_gmt":"2026-01-31T15:52:33","guid":{"rendered":"https:\/\/kvt-info.shop\/produkt\/untere-fuehrung-mit-2-halter-fuer-das-a2-modul-bobst-media-ii\/"},"modified":"2026-01-31T16:52:48","modified_gmt":"2026-01-31T15:52:48","slug":"untere-fuehrung-mit-2-halter-fuer-das-a2-modul-bobst-media-ii","status":"publish","type":"product","link":"https:\/\/kvt-info.shop\/en\/produkt\/untere-fuehrung-mit-2-halter-fuer-das-a2-modul-bobst-media-ii\/","title":{"rendered":"Untere F\u00fchrung mit 2 Halter f\u00fcr das A2-Modul Bobst Media II"},"content":{"rendered":"<p>Untere F\u00fchrung mit 2 Halter f\u00fcr das A2-Modul Bobst Media II, Schienenl\u00e4nge 1290mm, Abstand von den 4-Kant Halterunge 1045mm<\/p>\n","protected":false},"excerpt":{"rendered":"<p>Untere F\u00fchrung mit 2 Halter f\u00fcr das A2-Modul Bobst Media II, Schienenl\u00e4nge 1290mm, Abstand von den 4-Kant Halterunge 1045mm<\/p>\n","protected":false},"featured_media":0,"template":"","meta":{"_themeisle_gutenberg_block_has_review":false},"product_brand":[],"product_cat":[15],"product_tag":[],"class_list":{"0":"post-4660","1":"product","2":"type-product","3":"status-publish","5":"product_cat-unkategorisiert","7":"first","8":"instock","9":"purchasable","10":"product-type-simple"},"_links":{"self":[{"href":"https:\/\/kvt-info.shop\/en\/wp-json\/wp\/v2\/product\/4660","targetHints":{"allow":["GET"]}}],"collection":[{"href":"https:\/\/kvt-info.shop\/en\/wp-json\/wp\/v2\/product"}],"about":[{"href":"https:\/\/kvt-info.shop\/en\/wp-json\/wp\/v2\/types\/product"}],"wp:attachment":[{"href":"https:\/\/kvt-info.shop\/en\/wp-json\/wp\/v2\/media?parent=4660"}],"wp:term":[{"taxonomy":"product_brand","embeddable":true,"href":"https:\/\/kvt-info.shop\/en\/wp-json\/wp\/v2\/product_brand?post=4660"},{"taxonomy":"product_cat","embeddable":true,"href":"https:\/\/kvt-info.shop\/en\/wp-json\/wp\/v2\/product_cat?post=4660"},{"taxonomy":"product_tag","embeddable":true,"href":"https:\/\/kvt-info.shop\/en\/wp-json\/wp\/v2\/product_tag?post=4660"}],"curies":[{"name":"wp","href":"https:\/\/api.w.org\/{rel}","templated":true}]}}