{"id":4658,"date":"2026-01-31T16:43:45","date_gmt":"2026-01-31T15:43:45","guid":{"rendered":"https:\/\/kvt-info.shop\/produkt\/klemmstueck-oe13mm-auf-oe8mm-fuer-falthaken-usw-jagenberg-diana\/"},"modified":"2026-01-31T16:43:49","modified_gmt":"2026-01-31T15:43:49","slug":"klemmstueck-oe13mm-auf-oe8mm-fuer-falthaken-usw-jagenberg-diana","status":"publish","type":"product","link":"https:\/\/kvt-info.shop\/en\/produkt\/klemmstueck-oe13mm-auf-oe8mm-fuer-falthaken-usw-jagenberg-diana\/","title":{"rendered":"Klemmst\u00fcck \u00d813mm auf \u00d88mm f\u00fcr Falthaken usw. Jagenberg Diana"},"content":{"rendered":"<p>Klemmst\u00fcck \u00d813mm auf \u00d88mm f\u00fcr Falthaken usw. Geeignet f\u00fcr Jagenberg Diana. Folgende Bauteile sind vorhanden: _x000D__x000D_<br \/>\n1x 4-Kant Klotz (30x50mm)_x000D__x000D_<br \/>\n1x Bolzen \u00d820mm_x000D__x000D_<br \/>\n1x Unterlegscheibe M8_x000D__x000D_<br \/>\n1x Schraube M8_x000D__x000D_<\/p>\n","protected":false},"excerpt":{"rendered":"<p>Klemmst\u00fcck \u00d813mm auf \u00d88mm f\u00fcr Falthaken usw. Geeignet f\u00fcr Jagenberg Diana. Folgende Bauteile sind vorhanden: _x000D__x000D_ 1x 4-Kant Klotz (30x50mm)_x000D__x000D_ 1x Bolzen \u00d820mm_x000D__x000D_ 1x Unterlegscheibe M8_x000D__x000D_ 1x Schraube M8_x000D__x000D_<\/p>\n","protected":false},"featured_media":0,"template":"","meta":{"_themeisle_gutenberg_block_has_review":false},"product_brand":[],"product_cat":[15],"product_tag":[],"class_list":{"0":"post-4658","1":"product","2":"type-product","3":"status-publish","5":"product_cat-unkategorisiert","7":"first","8":"instock","9":"purchasable","10":"product-type-simple"},"_links":{"self":[{"href":"https:\/\/kvt-info.shop\/en\/wp-json\/wp\/v2\/product\/4658","targetHints":{"allow":["GET"]}}],"collection":[{"href":"https:\/\/kvt-info.shop\/en\/wp-json\/wp\/v2\/product"}],"about":[{"href":"https:\/\/kvt-info.shop\/en\/wp-json\/wp\/v2\/types\/product"}],"wp:attachment":[{"href":"https:\/\/kvt-info.shop\/en\/wp-json\/wp\/v2\/media?parent=4658"}],"wp:term":[{"taxonomy":"product_brand","embeddable":true,"href":"https:\/\/kvt-info.shop\/en\/wp-json\/wp\/v2\/product_brand?post=4658"},{"taxonomy":"product_cat","embeddable":true,"href":"https:\/\/kvt-info.shop\/en\/wp-json\/wp\/v2\/product_cat?post=4658"},{"taxonomy":"product_tag","embeddable":true,"href":"https:\/\/kvt-info.shop\/en\/wp-json\/wp\/v2\/product_tag?post=4658"}],"curies":[{"name":"wp","href":"https:\/\/api.w.org\/{rel}","templated":true}]}}