{"id":4656,"date":"2026-01-31T16:53:48","date_gmt":"2026-01-31T15:53:48","guid":{"rendered":"https:\/\/kvt-info.shop\/produkt\/verstellscheibe-antriebsscheibe-mit-drucklager-fuer-jagenberg-jagfeed\/"},"modified":"2026-01-31T16:54:13","modified_gmt":"2026-01-31T15:54:13","slug":"verstellscheibe-antriebsscheibe-mit-drucklager-fuer-jagenberg-jagfeed","status":"publish","type":"product","link":"https:\/\/kvt-info.shop\/en\/produkt\/verstellscheibe-antriebsscheibe-mit-drucklager-fuer-jagenberg-jagfeed\/","title":{"rendered":"Verstellscheibe \/ Antriebsscheibe mit Drucklager f\u00fcr Jagenberg Jagfeed"},"content":{"rendered":"<p>Verstellscheibe \/ Antriebsscheibe mit Drucklager f\u00fcr Jagenberg Jagfeed, Ersatz f\u00fcr Lenze Verstellscheibe, Au\u00dfendurchmesser 160mm, Bohrung 24 H7, f\u00fcr Breitkeilriemen 28x8mm.Bitte die Ma\u00dfe vor Bestellung kontrollieren<\/p>\n","protected":false},"excerpt":{"rendered":"<p>Verstellscheibe \/ Antriebsscheibe mit Drucklager f\u00fcr Jagenberg Jagfeed, Ersatz f\u00fcr Lenze Verstellscheibe, Au\u00dfendurchmesser 160mm, Bohrung 24 H7, f\u00fcr Breitkeilriemen 28x8mm.Bitte die Ma\u00dfe vor Bestellung kontrollieren<\/p>\n","protected":false},"featured_media":0,"template":"","meta":{"_themeisle_gutenberg_block_has_review":false},"product_brand":[],"product_cat":[15],"product_tag":[],"class_list":{"0":"post-4656","1":"product","2":"type-product","3":"status-publish","5":"product_cat-unkategorisiert","7":"first","8":"instock","9":"purchasable","10":"product-type-simple"},"_links":{"self":[{"href":"https:\/\/kvt-info.shop\/en\/wp-json\/wp\/v2\/product\/4656","targetHints":{"allow":["GET"]}}],"collection":[{"href":"https:\/\/kvt-info.shop\/en\/wp-json\/wp\/v2\/product"}],"about":[{"href":"https:\/\/kvt-info.shop\/en\/wp-json\/wp\/v2\/types\/product"}],"wp:attachment":[{"href":"https:\/\/kvt-info.shop\/en\/wp-json\/wp\/v2\/media?parent=4656"}],"wp:term":[{"taxonomy":"product_brand","embeddable":true,"href":"https:\/\/kvt-info.shop\/en\/wp-json\/wp\/v2\/product_brand?post=4656"},{"taxonomy":"product_cat","embeddable":true,"href":"https:\/\/kvt-info.shop\/en\/wp-json\/wp\/v2\/product_cat?post=4656"},{"taxonomy":"product_tag","embeddable":true,"href":"https:\/\/kvt-info.shop\/en\/wp-json\/wp\/v2\/product_tag?post=4656"}],"curies":[{"name":"wp","href":"https:\/\/api.w.org\/{rel}","templated":true}]}}