{"id":4655,"date":"2026-01-31T16:54:25","date_gmt":"2026-01-31T15:54:25","guid":{"rendered":"https:\/\/kvt-info.shop\/produkt\/verstellscheibe-antriebsscheibe-a-oe-180mm-i-oe-22h7-jagenberg-diana-105-2-105-3\/"},"modified":"2026-01-31T16:54:42","modified_gmt":"2026-01-31T15:54:42","slug":"verstellscheibe-antriebsscheibe-a-oe-180mm-i-oe-22h7-jagenberg-diana-105-125","status":"publish","type":"product","link":"https:\/\/kvt-info.shop\/en\/produkt\/verstellscheibe-antriebsscheibe-a-oe-180mm-i-oe-22h7-jagenberg-diana-105-125\/","title":{"rendered":"Verstellscheibe \/ Antriebsscheibe A.\u00d8 180mm I.\u00d8 22H7 Jagenberg Diana  105 \/ 125"},"content":{"rendered":"<p>Verstellscheibe \/ Antriebsscheibe mit Aussen\u00d8 180mm Innen\u00d8 22H7mm und einer breite von 110mm. F\u00fcr Jagenberg Diana 105\/125<\/p>\n","protected":false},"excerpt":{"rendered":"<p>Verstellscheibe \/ Antriebsscheibe mit Aussen\u00d8 180mm Innen\u00d8 22H7mm und einer breite von 110mm. F\u00fcr Jagenberg Diana 105\/125<\/p>\n","protected":false},"featured_media":0,"template":"","meta":{"_themeisle_gutenberg_block_has_review":false},"product_brand":[],"product_cat":[15],"product_tag":[],"class_list":{"0":"post-4655","1":"product","2":"type-product","3":"status-publish","5":"product_cat-unkategorisiert","7":"first","8":"instock","9":"purchasable","10":"product-type-simple"},"_links":{"self":[{"href":"https:\/\/kvt-info.shop\/en\/wp-json\/wp\/v2\/product\/4655","targetHints":{"allow":["GET"]}}],"collection":[{"href":"https:\/\/kvt-info.shop\/en\/wp-json\/wp\/v2\/product"}],"about":[{"href":"https:\/\/kvt-info.shop\/en\/wp-json\/wp\/v2\/types\/product"}],"wp:attachment":[{"href":"https:\/\/kvt-info.shop\/en\/wp-json\/wp\/v2\/media?parent=4655"}],"wp:term":[{"taxonomy":"product_brand","embeddable":true,"href":"https:\/\/kvt-info.shop\/en\/wp-json\/wp\/v2\/product_brand?post=4655"},{"taxonomy":"product_cat","embeddable":true,"href":"https:\/\/kvt-info.shop\/en\/wp-json\/wp\/v2\/product_cat?post=4655"},{"taxonomy":"product_tag","embeddable":true,"href":"https:\/\/kvt-info.shop\/en\/wp-json\/wp\/v2\/product_tag?post=4655"}],"curies":[{"name":"wp","href":"https:\/\/api.w.org\/{rel}","templated":true}]}}