{"id":4654,"date":"2026-01-31T16:54:25","date_gmt":"2026-01-31T15:54:25","guid":{"rendered":"https:\/\/kvt-info.shop\/produkt\/verstellscheibe-oe195mmxoe25mm-110mm-breit-einleger-anleger-unten-jagenberg-diana115-3105-1\/"},"modified":"2026-01-31T16:54:31","modified_gmt":"2026-01-31T15:54:31","slug":"verstellscheibe-oe195mmxoe25mm-110mm-breit-einleger-anleger-unten-jagenberg-diana115-3105-1","status":"publish","type":"product","link":"https:\/\/kvt-info.shop\/en\/produkt\/verstellscheibe-oe195mmxoe25mm-110mm-breit-einleger-anleger-unten-jagenberg-diana115-3105-1\/","title":{"rendered":"Verstellscheibe \u00d8195mmx\u00d825mm 110mm breit Einleger\/Anleger unten Jagenberg Diana115-3+105-1"},"content":{"rendered":"<p>Verstellscheibe Diana 115-3+105-1\/ Antriebsscheibe mit Aussen\u00d8 195mm Innen\u00d8 25H7mm mit Andr\u00fccklager,110mm breit<\/p>\n","protected":false},"excerpt":{"rendered":"<p>Verstellscheibe Diana 115-3+105-1\/ Antriebsscheibe mit Aussen\u00d8 195mm Innen\u00d8 25H7mm mit Andr\u00fccklager,110mm breit<\/p>\n","protected":false},"featured_media":0,"template":"","meta":{"_themeisle_gutenberg_block_has_review":false},"product_brand":[],"product_cat":[15],"product_tag":[],"class_list":{"0":"post-4654","1":"product","2":"type-product","3":"status-publish","5":"product_cat-unkategorisiert","7":"first","8":"instock","9":"purchasable","10":"product-type-simple"},"_links":{"self":[{"href":"https:\/\/kvt-info.shop\/en\/wp-json\/wp\/v2\/product\/4654","targetHints":{"allow":["GET"]}}],"collection":[{"href":"https:\/\/kvt-info.shop\/en\/wp-json\/wp\/v2\/product"}],"about":[{"href":"https:\/\/kvt-info.shop\/en\/wp-json\/wp\/v2\/types\/product"}],"wp:attachment":[{"href":"https:\/\/kvt-info.shop\/en\/wp-json\/wp\/v2\/media?parent=4654"}],"wp:term":[{"taxonomy":"product_brand","embeddable":true,"href":"https:\/\/kvt-info.shop\/en\/wp-json\/wp\/v2\/product_brand?post=4654"},{"taxonomy":"product_cat","embeddable":true,"href":"https:\/\/kvt-info.shop\/en\/wp-json\/wp\/v2\/product_cat?post=4654"},{"taxonomy":"product_tag","embeddable":true,"href":"https:\/\/kvt-info.shop\/en\/wp-json\/wp\/v2\/product_tag?post=4654"}],"curies":[{"name":"wp","href":"https:\/\/api.w.org\/{rel}","templated":true}]}}