{"id":4650,"date":"2026-01-31T16:54:25","date_gmt":"2026-01-31T15:54:25","guid":{"rendered":"https:\/\/kvt-info.shop\/produkt\/ueberbrueckungswelle-einleger-vorbrecher-jagenberg-diana-9474-1\/"},"modified":"2026-01-31T16:54:37","modified_gmt":"2026-01-31T15:54:37","slug":"ueberbrueckungswelle-einleger-vorbrecher-jagenberg-diana-9474-1","status":"publish","type":"product","link":"https:\/\/kvt-info.shop\/en\/produkt\/ueberbrueckungswelle-einleger-vorbrecher-jagenberg-diana-9474-1\/","title":{"rendered":"\u00dcberbr\u00fcckungswelle Einleger\/Vorbrecher Jagenberg Diana 94+74-1"},"content":{"rendered":"<p>Einleger-Vorbrechstation-\u00dcberbr\u00fcckungswelle f\u00fcr Jagenberg Diana 74+94-1<\/p>\n","protected":false},"excerpt":{"rendered":"<p>Einleger-Vorbrechstation-\u00dcberbr\u00fcckungswelle f\u00fcr Jagenberg Diana 74+94-1<\/p>\n","protected":false},"featured_media":0,"template":"","meta":{"_themeisle_gutenberg_block_has_review":false},"product_brand":[],"product_cat":[15],"product_tag":[],"class_list":{"0":"post-4650","1":"product","2":"type-product","3":"status-publish","5":"product_cat-unkategorisiert","7":"first","8":"instock","9":"purchasable","10":"product-type-simple"},"_links":{"self":[{"href":"https:\/\/kvt-info.shop\/en\/wp-json\/wp\/v2\/product\/4650","targetHints":{"allow":["GET"]}}],"collection":[{"href":"https:\/\/kvt-info.shop\/en\/wp-json\/wp\/v2\/product"}],"about":[{"href":"https:\/\/kvt-info.shop\/en\/wp-json\/wp\/v2\/types\/product"}],"wp:attachment":[{"href":"https:\/\/kvt-info.shop\/en\/wp-json\/wp\/v2\/media?parent=4650"}],"wp:term":[{"taxonomy":"product_brand","embeddable":true,"href":"https:\/\/kvt-info.shop\/en\/wp-json\/wp\/v2\/product_brand?post=4650"},{"taxonomy":"product_cat","embeddable":true,"href":"https:\/\/kvt-info.shop\/en\/wp-json\/wp\/v2\/product_cat?post=4650"},{"taxonomy":"product_tag","embeddable":true,"href":"https:\/\/kvt-info.shop\/en\/wp-json\/wp\/v2\/product_tag?post=4650"}],"curies":[{"name":"wp","href":"https:\/\/api.w.org\/{rel}","templated":true}]}}