{"id":4631,"date":"2025-09-03T07:53:13","date_gmt":"2025-09-03T06:53:13","guid":{"rendered":"https:\/\/kvt-info.shop\/produkt\/umlenkrolle-uebergabestation-oben-oe50x52mm-jagenberg-heidelberg-diana\/"},"modified":"2025-09-03T07:53:24","modified_gmt":"2025-09-03T06:53:24","slug":"4631","status":"publish","type":"product","link":"https:\/\/kvt-info.shop\/en\/produkt\/4631\/","title":{"rendered":"Umlenkrolle \u00dcbergabestation oben \u00d850x52mm Jagenberg\/Heidelberg Diana"},"content":{"rendered":"<p>Umlenkrolle f\u00fcr obere \u00dcbergabestation f\u00fcr Jagenberg\/Heidelberg Diana, mit folgenden Ma\u00dfen: \u00d8Aussen=50mm, \u00d8Innen=32mm, Breite= 50mm.<\/p>\n","protected":false},"excerpt":{"rendered":"<p>Umlenkrolle f\u00fcr obere \u00dcbergabestation f\u00fcr Jagenberg\/Heidelberg Diana, mit folgenden Ma\u00dfen: \u00d8Aussen=50mm, \u00d8Innen=32mm, Breite= 50mm.<\/p>\n","protected":false},"featured_media":0,"template":"","meta":{"_themeisle_gutenberg_block_has_review":false},"product_brand":[],"product_cat":[15],"product_tag":[],"class_list":{"0":"post-4631","1":"product","2":"type-product","3":"status-publish","5":"product_cat-unkategorisiert","7":"first","8":"instock","9":"purchasable","10":"product-type-simple"},"_links":{"self":[{"href":"https:\/\/kvt-info.shop\/en\/wp-json\/wp\/v2\/product\/4631","targetHints":{"allow":["GET"]}}],"collection":[{"href":"https:\/\/kvt-info.shop\/en\/wp-json\/wp\/v2\/product"}],"about":[{"href":"https:\/\/kvt-info.shop\/en\/wp-json\/wp\/v2\/types\/product"}],"wp:attachment":[{"href":"https:\/\/kvt-info.shop\/en\/wp-json\/wp\/v2\/media?parent=4631"}],"wp:term":[{"taxonomy":"product_brand","embeddable":true,"href":"https:\/\/kvt-info.shop\/en\/wp-json\/wp\/v2\/product_brand?post=4631"},{"taxonomy":"product_cat","embeddable":true,"href":"https:\/\/kvt-info.shop\/en\/wp-json\/wp\/v2\/product_cat?post=4631"},{"taxonomy":"product_tag","embeddable":true,"href":"https:\/\/kvt-info.shop\/en\/wp-json\/wp\/v2\/product_tag?post=4631"}],"curies":[{"name":"wp","href":"https:\/\/api.w.org\/{rel}","templated":true}]}}