{"id":4630,"date":"2026-01-31T16:41:19","date_gmt":"2026-01-31T15:41:19","guid":{"rendered":"https:\/\/kvt-info.shop\/produkt\/antriebsrolle-riemenscheibe-aus-pom-fuer-einfaedelstation-jagenberg-heidelberg-diana\/"},"modified":"2026-01-31T16:41:23","modified_gmt":"2026-01-31T15:41:23","slug":"antriebsrolle-riemenscheibe-aus-pom-fuer-einfaedelstation-jagenberg-heidelberg-diana","status":"publish","type":"product","link":"https:\/\/kvt-info.shop\/en\/produkt\/antriebsrolle-riemenscheibe-aus-pom-fuer-einfaedelstation-jagenberg-heidelberg-diana\/","title":{"rendered":"Antriebsrolle \/ Riemenscheibe aus POM f\u00fcr Einf\u00e4delstation Jagenberg\/Heidelberg Diana"},"content":{"rendered":"<p>Antriebsrolle \/ Riemenscheibe aus POM, an der Einf\u00e4delstation f\u00fcr Jagenberg \/ Heidelberg Diana mit folgenden Ma\u00dfen: A1\u00d8=80mm, A2\u00d8=56mm, A\u00d8=34mm, I\u00d8=32mm, B=22mm.<\/p>\n","protected":false},"excerpt":{"rendered":"<p>Antriebsrolle \/ Riemenscheibe aus POM, an der Einf\u00e4delstation f\u00fcr Jagenberg \/ Heidelberg Diana mit folgenden Ma\u00dfen: A1\u00d8=80mm, A2\u00d8=56mm, A\u00d8=34mm, I\u00d8=32mm, B=22mm.<\/p>\n","protected":false},"featured_media":0,"template":"","meta":{"_themeisle_gutenberg_block_has_review":false},"product_brand":[],"product_cat":[15],"product_tag":[],"class_list":{"0":"post-4630","1":"product","2":"type-product","3":"status-publish","5":"product_cat-unkategorisiert","7":"first","8":"instock","9":"purchasable","10":"product-type-simple"},"_links":{"self":[{"href":"https:\/\/kvt-info.shop\/en\/wp-json\/wp\/v2\/product\/4630","targetHints":{"allow":["GET"]}}],"collection":[{"href":"https:\/\/kvt-info.shop\/en\/wp-json\/wp\/v2\/product"}],"about":[{"href":"https:\/\/kvt-info.shop\/en\/wp-json\/wp\/v2\/types\/product"}],"wp:attachment":[{"href":"https:\/\/kvt-info.shop\/en\/wp-json\/wp\/v2\/media?parent=4630"}],"wp:term":[{"taxonomy":"product_brand","embeddable":true,"href":"https:\/\/kvt-info.shop\/en\/wp-json\/wp\/v2\/product_brand?post=4630"},{"taxonomy":"product_cat","embeddable":true,"href":"https:\/\/kvt-info.shop\/en\/wp-json\/wp\/v2\/product_cat?post=4630"},{"taxonomy":"product_tag","embeddable":true,"href":"https:\/\/kvt-info.shop\/en\/wp-json\/wp\/v2\/product_tag?post=4630"}],"curies":[{"name":"wp","href":"https:\/\/api.w.org\/{rel}","templated":true}]}}