{"id":4625,"date":"2026-01-31T16:35:42","date_gmt":"2026-01-31T15:35:42","guid":{"rendered":"https:\/\/kvt-info.shop\/produkt\/umlenkrolle-oe80-x-36mm-pom-fuer-jagenberg-diana-165-4\/"},"modified":"2026-01-31T16:35:54","modified_gmt":"2026-01-31T15:35:54","slug":"umlenkrolle-oe80-x-36mm-pom-fuer-jagenberg-diana-165-4","status":"publish","type":"product","link":"https:\/\/kvt-info.shop\/en\/produkt\/umlenkrolle-oe80-x-36mm-pom-fuer-jagenberg-diana-165-4\/","title":{"rendered":"Umlenkrolle \u00d880 x 36mm POM f\u00fcr Jagenberg Diana 165-4"},"content":{"rendered":"<p>Umlenkrolle aus POM f\u00fcr Jagenberg Diana 165-4, mit folgenden Ma\u00dfen \u00d8Aussen= 80mm, \u00d8Innen= 42mm, Breite= 36mm.<\/p>\n","protected":false},"excerpt":{"rendered":"<p>Umlenkrolle aus POM f\u00fcr Jagenberg Diana 165-4, mit folgenden Ma\u00dfen \u00d8Aussen= 80mm, \u00d8Innen= 42mm, Breite= 36mm.<\/p>\n","protected":false},"featured_media":0,"template":"","meta":{"_themeisle_gutenberg_block_has_review":false},"product_brand":[],"product_cat":[15],"product_tag":[],"class_list":{"0":"post-4625","1":"product","2":"type-product","3":"status-publish","5":"product_cat-unkategorisiert","7":"first","8":"instock","9":"purchasable","10":"product-type-simple"},"_links":{"self":[{"href":"https:\/\/kvt-info.shop\/en\/wp-json\/wp\/v2\/product\/4625","targetHints":{"allow":["GET"]}}],"collection":[{"href":"https:\/\/kvt-info.shop\/en\/wp-json\/wp\/v2\/product"}],"about":[{"href":"https:\/\/kvt-info.shop\/en\/wp-json\/wp\/v2\/types\/product"}],"wp:attachment":[{"href":"https:\/\/kvt-info.shop\/en\/wp-json\/wp\/v2\/media?parent=4625"}],"wp:term":[{"taxonomy":"product_brand","embeddable":true,"href":"https:\/\/kvt-info.shop\/en\/wp-json\/wp\/v2\/product_brand?post=4625"},{"taxonomy":"product_cat","embeddable":true,"href":"https:\/\/kvt-info.shop\/en\/wp-json\/wp\/v2\/product_cat?post=4625"},{"taxonomy":"product_tag","embeddable":true,"href":"https:\/\/kvt-info.shop\/en\/wp-json\/wp\/v2\/product_tag?post=4625"}],"curies":[{"name":"wp","href":"https:\/\/api.w.org\/{rel}","templated":true}]}}