{"id":4623,"date":"2025-09-03T07:50:25","date_gmt":"2025-09-03T06:50:25","guid":{"rendered":"https:\/\/kvt-info.shop\/produkt\/umlenkrolle-fuer-uebergabestation-oe40x36mm-jagenberg-heidelberg-diana\/"},"modified":"2025-09-03T07:50:39","modified_gmt":"2025-09-03T06:50:39","slug":"4623","status":"publish","type":"product","link":"https:\/\/kvt-info.shop\/en\/produkt\/4623\/","title":{"rendered":"Umlenkrolle f\u00fcr \u00dcbergabestation \u00d840x36mm Jagenberg \/ Heidelberg Diana"},"content":{"rendered":"<p>Umlenkrolle f\u00fcr \u00dcbergabestation einer Jagenberg \/ Heidelberg Diana X sowie 145\/165, mit folgenden Ma\u00dfen: \u00d8Aussen=40mm, \u00d8Innen=32mm, L\u00e4nge=36mm (ballig).<\/p>\n","protected":false},"excerpt":{"rendered":"<p>Umlenkrolle f\u00fcr \u00dcbergabestation einer Jagenberg \/ Heidelberg Diana X sowie 145\/165, mit folgenden Ma\u00dfen: \u00d8Aussen=40mm, \u00d8Innen=32mm, L\u00e4nge=36mm (ballig).<\/p>\n","protected":false},"featured_media":0,"template":"","meta":{"_themeisle_gutenberg_block_has_review":false},"product_brand":[],"product_cat":[15],"product_tag":[],"class_list":{"0":"post-4623","1":"product","2":"type-product","3":"status-publish","5":"product_cat-unkategorisiert","7":"first","8":"instock","9":"purchasable","10":"product-type-simple"},"_links":{"self":[{"href":"https:\/\/kvt-info.shop\/en\/wp-json\/wp\/v2\/product\/4623","targetHints":{"allow":["GET"]}}],"collection":[{"href":"https:\/\/kvt-info.shop\/en\/wp-json\/wp\/v2\/product"}],"about":[{"href":"https:\/\/kvt-info.shop\/en\/wp-json\/wp\/v2\/types\/product"}],"wp:attachment":[{"href":"https:\/\/kvt-info.shop\/en\/wp-json\/wp\/v2\/media?parent=4623"}],"wp:term":[{"taxonomy":"product_brand","embeddable":true,"href":"https:\/\/kvt-info.shop\/en\/wp-json\/wp\/v2\/product_brand?post=4623"},{"taxonomy":"product_cat","embeddable":true,"href":"https:\/\/kvt-info.shop\/en\/wp-json\/wp\/v2\/product_cat?post=4623"},{"taxonomy":"product_tag","embeddable":true,"href":"https:\/\/kvt-info.shop\/en\/wp-json\/wp\/v2\/product_tag?post=4623"}],"curies":[{"name":"wp","href":"https:\/\/api.w.org\/{rel}","templated":true}]}}