{"id":4622,"date":"2026-01-31T16:56:19","date_gmt":"2026-01-31T15:56:19","guid":{"rendered":"https:\/\/kvt-info.shop\/produkt\/antriebswelle-faltstation-faltboden-vor-leimwerk-sw30-fuer-bobst-visionfold-110\/"},"modified":"2026-01-31T16:56:46","modified_gmt":"2026-01-31T15:56:46","slug":"antriebswelle-faltstation-faltboden-vor-leimwerk-sw30-fuer-bobst-visionfold-110","status":"publish","type":"product","link":"https:\/\/kvt-info.shop\/en\/produkt\/antriebswelle-faltstation-faltboden-vor-leimwerk-sw30-fuer-bobst-visionfold-110\/","title":{"rendered":"Antriebswelle Faltstation \/ Faltboden vor Leimwerk SW30 f\u00fcr Bobst Visionfold 110"},"content":{"rendered":"<p>Antriebswelle Faltstation \/ Faltboden vor Leimwerk SW30 f\u00fcr Bobst Visionfold 110 mit folgenden Ma\u00dfen: 6-Kant SW30, L\u00e4nge=mm.<\/p>\n","protected":false},"excerpt":{"rendered":"<p>Antriebswelle Faltstation \/ Faltboden vor Leimwerk SW30 f\u00fcr Bobst Visionfold 110 mit folgenden Ma\u00dfen: 6-Kant SW30, L\u00e4nge=mm.<\/p>\n","protected":false},"featured_media":0,"template":"","meta":{"_themeisle_gutenberg_block_has_review":false},"product_brand":[],"product_cat":[15],"product_tag":[],"class_list":{"0":"post-4622","1":"product","2":"type-product","3":"status-publish","5":"product_cat-unkategorisiert","7":"first","8":"instock","9":"purchasable","10":"product-type-simple"},"_links":{"self":[{"href":"https:\/\/kvt-info.shop\/en\/wp-json\/wp\/v2\/product\/4622","targetHints":{"allow":["GET"]}}],"collection":[{"href":"https:\/\/kvt-info.shop\/en\/wp-json\/wp\/v2\/product"}],"about":[{"href":"https:\/\/kvt-info.shop\/en\/wp-json\/wp\/v2\/types\/product"}],"wp:attachment":[{"href":"https:\/\/kvt-info.shop\/en\/wp-json\/wp\/v2\/media?parent=4622"}],"wp:term":[{"taxonomy":"product_brand","embeddable":true,"href":"https:\/\/kvt-info.shop\/en\/wp-json\/wp\/v2\/product_brand?post=4622"},{"taxonomy":"product_cat","embeddable":true,"href":"https:\/\/kvt-info.shop\/en\/wp-json\/wp\/v2\/product_cat?post=4622"},{"taxonomy":"product_tag","embeddable":true,"href":"https:\/\/kvt-info.shop\/en\/wp-json\/wp\/v2\/product_tag?post=4622"}],"curies":[{"name":"wp","href":"https:\/\/api.w.org\/{rel}","templated":true}]}}