{"id":4620,"date":"2026-01-31T16:47:35","date_gmt":"2026-01-31T15:47:35","guid":{"rendered":"https:\/\/kvt-info.shop\/produkt\/ueberholhaken-gerade-fuer-hakensteuerung-bobst\/"},"modified":"2026-01-31T16:47:51","modified_gmt":"2026-01-31T15:47:51","slug":"ueberholhaken-gerade-fuer-hakensteuerung-bobst","status":"publish","type":"product","link":"https:\/\/kvt-info.shop\/en\/produkt\/ueberholhaken-gerade-fuer-hakensteuerung-bobst\/","title":{"rendered":"\u00dcberholhaken gerade f\u00fcr Hakensteuerung Bobst"},"content":{"rendered":"<p>\u00dcberholhaken gerade f\u00fcr die original Bobst Hakensteuerung<\/p>\n","protected":false},"excerpt":{"rendered":"<p>\u00dcberholhaken gerade f\u00fcr die original Bobst Hakensteuerung<\/p>\n","protected":false},"featured_media":0,"template":"","meta":{"_themeisle_gutenberg_block_has_review":false},"product_brand":[],"product_cat":[15],"product_tag":[],"class_list":{"0":"post-4620","1":"product","2":"type-product","3":"status-publish","5":"product_cat-unkategorisiert","7":"first","8":"instock","9":"purchasable","10":"product-type-simple"},"_links":{"self":[{"href":"https:\/\/kvt-info.shop\/en\/wp-json\/wp\/v2\/product\/4620","targetHints":{"allow":["GET"]}}],"collection":[{"href":"https:\/\/kvt-info.shop\/en\/wp-json\/wp\/v2\/product"}],"about":[{"href":"https:\/\/kvt-info.shop\/en\/wp-json\/wp\/v2\/types\/product"}],"wp:attachment":[{"href":"https:\/\/kvt-info.shop\/en\/wp-json\/wp\/v2\/media?parent=4620"}],"wp:term":[{"taxonomy":"product_brand","embeddable":true,"href":"https:\/\/kvt-info.shop\/en\/wp-json\/wp\/v2\/product_brand?post=4620"},{"taxonomy":"product_cat","embeddable":true,"href":"https:\/\/kvt-info.shop\/en\/wp-json\/wp\/v2\/product_cat?post=4620"},{"taxonomy":"product_tag","embeddable":true,"href":"https:\/\/kvt-info.shop\/en\/wp-json\/wp\/v2\/product_tag?post=4620"}],"curies":[{"name":"wp","href":"https:\/\/api.w.org\/{rel}","templated":true}]}}