{"id":4619,"date":"2026-01-31T16:50:03","date_gmt":"2026-01-31T15:50:03","guid":{"rendered":"https:\/\/kvt-info.shop\/produkt\/plexiglas-tuer-mittig-4-punkt-modul-fuer-bobst-visionfold-110\/"},"modified":"2026-01-31T16:50:18","modified_gmt":"2026-01-31T15:50:18","slug":"plexiglas-tuer-mittig-4-punkt-modul-fuer-bobst-visionfold-110","status":"publish","type":"product","link":"https:\/\/kvt-info.shop\/en\/produkt\/plexiglas-tuer-mittig-4-punkt-modul-fuer-bobst-visionfold-110\/","title":{"rendered":"Plexiglas T\u00fcr mittig 4 Punkt Modul f\u00fcr Bobst Visionfold 110"},"content":{"rendered":"<p>Plexiglas \/ Acrylglas T\u00fcr mittig f\u00fcr 4 Punkt Modul Bobst Visionfold 110, mit folgenden Ma\u00dfen: 745mm breit, 1055mm lang, abgerundet.<\/p>\n","protected":false},"excerpt":{"rendered":"<p>Plexiglas \/ Acrylglas T\u00fcr mittig f\u00fcr 4 Punkt Modul Bobst Visionfold 110, mit folgenden Ma\u00dfen: 745mm breit, 1055mm lang, abgerundet.<\/p>\n","protected":false},"featured_media":0,"template":"","meta":{"_themeisle_gutenberg_block_has_review":false},"product_brand":[],"product_cat":[15],"product_tag":[],"class_list":{"0":"post-4619","1":"product","2":"type-product","3":"status-publish","5":"product_cat-unkategorisiert","7":"first","8":"instock","9":"purchasable","10":"product-type-simple"},"_links":{"self":[{"href":"https:\/\/kvt-info.shop\/en\/wp-json\/wp\/v2\/product\/4619","targetHints":{"allow":["GET"]}}],"collection":[{"href":"https:\/\/kvt-info.shop\/en\/wp-json\/wp\/v2\/product"}],"about":[{"href":"https:\/\/kvt-info.shop\/en\/wp-json\/wp\/v2\/types\/product"}],"wp:attachment":[{"href":"https:\/\/kvt-info.shop\/en\/wp-json\/wp\/v2\/media?parent=4619"}],"wp:term":[{"taxonomy":"product_brand","embeddable":true,"href":"https:\/\/kvt-info.shop\/en\/wp-json\/wp\/v2\/product_brand?post=4619"},{"taxonomy":"product_cat","embeddable":true,"href":"https:\/\/kvt-info.shop\/en\/wp-json\/wp\/v2\/product_cat?post=4619"},{"taxonomy":"product_tag","embeddable":true,"href":"https:\/\/kvt-info.shop\/en\/wp-json\/wp\/v2\/product_tag?post=4619"}],"curies":[{"name":"wp","href":"https:\/\/api.w.org\/{rel}","templated":true}]}}