{"id":4613,"date":"2026-01-31T16:58:11","date_gmt":"2026-01-31T15:58:11","guid":{"rendered":"https:\/\/kvt-info.shop\/produkt\/hhs-baumer-ventilsatz-px1000\/"},"modified":"2026-01-31T16:58:24","modified_gmt":"2026-01-31T15:58:24","slug":"hhs-baumer-ventilsatz-px1000","status":"publish","type":"product","link":"https:\/\/kvt-info.shop\/en\/produkt\/hhs-baumer-ventilsatz-px1000\/","title":{"rendered":"HHS\/Baumer Ventilsatz PX1000"},"content":{"rendered":"<p>Ventilsatz PX1000 \/ Baumer HHS D\u00fcse mit Leimnahtkontrolle_x000D__x000D_<br \/>\nPX-045AC\/GHSTLS _x000D__x000D_<br \/>\n&#8211; Klebstoff\u00fcberwachung GDX-1000_x000D__x000D_<br \/>\n&#8211; D\u00fcsendurchmesser 0,4 mm_x000D__x000D_<br \/>\n&#8211; Schlauchl\u00e4nge 4,65 m_x000D__x000D_<br \/>\n&#8211; Schlauchanschluss gerade\/45\u00b0_x000D__x000D_<br \/>\n&#8211; Lichttaster Lichttaster FHDK-FG-05S kpl. mit Halter<\/p>\n","protected":false},"excerpt":{"rendered":"<p>Ventilsatz PX1000 \/ Baumer HHS D\u00fcse mit Leimnahtkontrolle_x000D__x000D_ PX-045AC\/GHSTLS _x000D__x000D_ &#8211; Klebstoff\u00fcberwachung GDX-1000_x000D__x000D_ &#8211; D\u00fcsendurchmesser 0,4 mm_x000D__x000D_ &#8211; Schlauchl\u00e4nge 4,65 m_x000D__x000D_ &#8211; Schlauchanschluss gerade\/45\u00b0_x000D__x000D_ &#8211; Lichttaster Lichttaster FHDK-FG-05S kpl. mit Halter<\/p>\n","protected":false},"featured_media":0,"template":"","meta":{"_themeisle_gutenberg_block_has_review":false},"product_brand":[],"product_cat":[15],"product_tag":[],"class_list":{"0":"post-4613","1":"product","2":"type-product","3":"status-publish","5":"product_cat-unkategorisiert","7":"first","8":"instock","9":"purchasable","10":"product-type-simple"},"_links":{"self":[{"href":"https:\/\/kvt-info.shop\/en\/wp-json\/wp\/v2\/product\/4613","targetHints":{"allow":["GET"]}}],"collection":[{"href":"https:\/\/kvt-info.shop\/en\/wp-json\/wp\/v2\/product"}],"about":[{"href":"https:\/\/kvt-info.shop\/en\/wp-json\/wp\/v2\/types\/product"}],"wp:attachment":[{"href":"https:\/\/kvt-info.shop\/en\/wp-json\/wp\/v2\/media?parent=4613"}],"wp:term":[{"taxonomy":"product_brand","embeddable":true,"href":"https:\/\/kvt-info.shop\/en\/wp-json\/wp\/v2\/product_brand?post=4613"},{"taxonomy":"product_cat","embeddable":true,"href":"https:\/\/kvt-info.shop\/en\/wp-json\/wp\/v2\/product_cat?post=4613"},{"taxonomy":"product_tag","embeddable":true,"href":"https:\/\/kvt-info.shop\/en\/wp-json\/wp\/v2\/product_tag?post=4613"}],"curies":[{"name":"wp","href":"https:\/\/api.w.org\/{rel}","templated":true}]}}