{"id":4609,"date":"2026-01-31T16:56:19","date_gmt":"2026-01-31T15:56:19","guid":{"rendered":"https:\/\/kvt-info.shop\/produkt\/leimscheibe-oe260mm-x-5mm-bobst-alpina\/"},"modified":"2026-01-31T16:56:40","modified_gmt":"2026-01-31T15:56:40","slug":"leimscheibe-oe260mm-x-5mm-bobst-alpina","status":"publish","type":"product","link":"https:\/\/kvt-info.shop\/en\/produkt\/leimscheibe-oe260mm-x-5mm-bobst-alpina\/","title":{"rendered":"Leimscheibe \u00d8260mm x 5mm Bobst Alpina"},"content":{"rendered":"<p>Bobst Leimscheibe f\u00fcr Scheibenunterleimwerk mit folgenden Ma\u00dfen: \u00d8260mm x 5mm. F\u00fcr Bobst Alpina!<\/p>\n","protected":false},"excerpt":{"rendered":"<p>Bobst Leimscheibe f\u00fcr Scheibenunterleimwerk mit folgenden Ma\u00dfen: \u00d8260mm x 5mm. F\u00fcr Bobst Alpina!<\/p>\n","protected":false},"featured_media":0,"template":"","meta":{"_themeisle_gutenberg_block_has_review":false},"product_brand":[],"product_cat":[15],"product_tag":[],"class_list":{"0":"post-4609","1":"product","2":"type-product","3":"status-publish","5":"product_cat-unkategorisiert","7":"first","8":"instock","9":"purchasable","10":"product-type-simple"},"_links":{"self":[{"href":"https:\/\/kvt-info.shop\/en\/wp-json\/wp\/v2\/product\/4609","targetHints":{"allow":["GET"]}}],"collection":[{"href":"https:\/\/kvt-info.shop\/en\/wp-json\/wp\/v2\/product"}],"about":[{"href":"https:\/\/kvt-info.shop\/en\/wp-json\/wp\/v2\/types\/product"}],"wp:attachment":[{"href":"https:\/\/kvt-info.shop\/en\/wp-json\/wp\/v2\/media?parent=4609"}],"wp:term":[{"taxonomy":"product_brand","embeddable":true,"href":"https:\/\/kvt-info.shop\/en\/wp-json\/wp\/v2\/product_brand?post=4609"},{"taxonomy":"product_cat","embeddable":true,"href":"https:\/\/kvt-info.shop\/en\/wp-json\/wp\/v2\/product_cat?post=4609"},{"taxonomy":"product_tag","embeddable":true,"href":"https:\/\/kvt-info.shop\/en\/wp-json\/wp\/v2\/product_tag?post=4609"}],"curies":[{"name":"wp","href":"https:\/\/api.w.org\/{rel}","templated":true}]}}