{"id":4604,"date":"2026-01-31T16:50:03","date_gmt":"2026-01-31T15:50:03","guid":{"rendered":"https:\/\/kvt-info.shop\/produkt\/rollenschiene-mit-fuehrungsbuchse-und-schulterpassschraube-fuer-jagenberg-diana-115\/"},"modified":"2026-01-31T16:50:05","modified_gmt":"2026-01-31T15:50:05","slug":"rollenschiene-mit-fuehrungsbuchse-und-schulterpassschraube-fuer-jagenberg-diana-115","status":"publish","type":"product","link":"https:\/\/kvt-info.shop\/en\/produkt\/rollenschiene-mit-fuehrungsbuchse-und-schulterpassschraube-fuer-jagenberg-diana-115\/","title":{"rendered":"Rollenschiene mit F\u00fchrungsbuchse und Schulterpassschraube f\u00fcr Jagenberg Diana 115"},"content":{"rendered":"<p>Rollenschiene komplett f\u00fcr Jagenberg Diana 115, mit folgenden Teilen: _x000D__x000D_<br \/>\n_x000D__x000D_<br \/>\n1x Rolle \u00d840 x 24mm mit Achse_x000D__x000D_<br \/>\n1x Schiene 16 x 30 x 300mm_x000D__x000D_<br \/>\n1x Schulterpassschraube M12_x000D__x000D_<br \/>\n1x Messing F\u00fchrungsbuchse<\/p>\n","protected":false},"excerpt":{"rendered":"<p>Rollenschiene komplett f\u00fcr Jagenberg Diana 115, mit folgenden Teilen: _x000D__x000D_ _x000D__x000D_ 1x Rolle \u00d840 x 24mm mit Achse_x000D__x000D_ 1x Schiene 16 x 30 x 300mm_x000D__x000D_ 1x Schulterpassschraube M12_x000D__x000D_ 1x Messing F\u00fchrungsbuchse<\/p>\n","protected":false},"featured_media":0,"template":"","meta":{"_themeisle_gutenberg_block_has_review":false},"product_brand":[],"product_cat":[15],"product_tag":[],"class_list":{"0":"post-4604","1":"product","2":"type-product","3":"status-publish","5":"product_cat-unkategorisiert","7":"first","8":"instock","9":"purchasable","10":"product-type-simple"},"_links":{"self":[{"href":"https:\/\/kvt-info.shop\/en\/wp-json\/wp\/v2\/product\/4604","targetHints":{"allow":["GET"]}}],"collection":[{"href":"https:\/\/kvt-info.shop\/en\/wp-json\/wp\/v2\/product"}],"about":[{"href":"https:\/\/kvt-info.shop\/en\/wp-json\/wp\/v2\/types\/product"}],"wp:attachment":[{"href":"https:\/\/kvt-info.shop\/en\/wp-json\/wp\/v2\/media?parent=4604"}],"wp:term":[{"taxonomy":"product_brand","embeddable":true,"href":"https:\/\/kvt-info.shop\/en\/wp-json\/wp\/v2\/product_brand?post=4604"},{"taxonomy":"product_cat","embeddable":true,"href":"https:\/\/kvt-info.shop\/en\/wp-json\/wp\/v2\/product_cat?post=4604"},{"taxonomy":"product_tag","embeddable":true,"href":"https:\/\/kvt-info.shop\/en\/wp-json\/wp\/v2\/product_tag?post=4604"}],"curies":[{"name":"wp","href":"https:\/\/api.w.org\/{rel}","templated":true}]}}