{"id":4596,"date":"2026-01-31T16:38:47","date_gmt":"2026-01-31T15:38:47","guid":{"rendered":"https:\/\/kvt-info.shop\/produkt\/klemmstange-und-kugel-fuer-klemmgriff-obere-stationsverstellung-bobst\/"},"modified":"2026-01-31T16:39:01","modified_gmt":"2026-01-31T15:39:01","slug":"klemmstange-mit-kugel-fuer-klemmgriff-obere-stationsverstellung-bobst","status":"publish","type":"product","link":"https:\/\/kvt-info.shop\/en\/produkt\/klemmstange-mit-kugel-fuer-klemmgriff-obere-stationsverstellung-bobst\/","title":{"rendered":"Klemmstange mit Kugel f\u00fcr Klemmgriff obere Stationsverstellung Bobst"},"content":{"rendered":"<p>Klemmstange mit Kugel f\u00fcr Handgriff Stationsverstellung oben. F\u00fcr Bobst Media usw.<\/p>\n","protected":false},"excerpt":{"rendered":"<p>Klemmstange mit Kugel f\u00fcr Handgriff Stationsverstellung oben. F\u00fcr Bobst Media usw.<\/p>\n","protected":false},"featured_media":0,"template":"","meta":{"_themeisle_gutenberg_block_has_review":false},"product_brand":[],"product_cat":[15],"product_tag":[],"class_list":{"0":"post-4596","1":"product","2":"type-product","3":"status-publish","5":"product_cat-unkategorisiert","7":"first","8":"instock","9":"purchasable","10":"product-type-simple"},"_links":{"self":[{"href":"https:\/\/kvt-info.shop\/en\/wp-json\/wp\/v2\/product\/4596","targetHints":{"allow":["GET"]}}],"collection":[{"href":"https:\/\/kvt-info.shop\/en\/wp-json\/wp\/v2\/product"}],"about":[{"href":"https:\/\/kvt-info.shop\/en\/wp-json\/wp\/v2\/types\/product"}],"wp:attachment":[{"href":"https:\/\/kvt-info.shop\/en\/wp-json\/wp\/v2\/media?parent=4596"}],"wp:term":[{"taxonomy":"product_brand","embeddable":true,"href":"https:\/\/kvt-info.shop\/en\/wp-json\/wp\/v2\/product_brand?post=4596"},{"taxonomy":"product_cat","embeddable":true,"href":"https:\/\/kvt-info.shop\/en\/wp-json\/wp\/v2\/product_cat?post=4596"},{"taxonomy":"product_tag","embeddable":true,"href":"https:\/\/kvt-info.shop\/en\/wp-json\/wp\/v2\/product_tag?post=4596"}],"curies":[{"name":"wp","href":"https:\/\/api.w.org\/{rel}","templated":true}]}}