{"id":4594,"date":"2026-01-31T16:47:35","date_gmt":"2026-01-31T15:47:35","guid":{"rendered":"https:\/\/kvt-info.shop\/produkt\/fuehrugsprofil-unterstation-lange-version-jagenberg-diana-125\/"},"modified":"2026-01-31T16:47:49","modified_gmt":"2026-01-31T15:47:49","slug":"fuehrugsprofil-unterstation-lange-version-jagenberg-diana-125","status":"publish","type":"product","link":"https:\/\/kvt-info.shop\/en\/produkt\/fuehrugsprofil-unterstation-lange-version-jagenberg-diana-125\/","title":{"rendered":"F\u00fchrugsprofil Unterstation lange Version Jagenberg Diana 125"},"content":{"rendered":"<p>F\u00fchrungskemmprofil Unterstation lange Version f\u00fcr Jagenberg Diana 125, ohne Klemmklotz.<\/p>\n","protected":false},"excerpt":{"rendered":"<p>F\u00fchrungskemmprofil Unterstation lange Version f\u00fcr Jagenberg Diana 125, ohne Klemmklotz.<\/p>\n","protected":false},"featured_media":0,"template":"","meta":{"_themeisle_gutenberg_block_has_review":false},"product_brand":[],"product_cat":[15],"product_tag":[],"class_list":{"0":"post-4594","1":"product","2":"type-product","3":"status-publish","5":"product_cat-unkategorisiert","7":"first","8":"instock","9":"purchasable","10":"product-type-simple"},"_links":{"self":[{"href":"https:\/\/kvt-info.shop\/en\/wp-json\/wp\/v2\/product\/4594","targetHints":{"allow":["GET"]}}],"collection":[{"href":"https:\/\/kvt-info.shop\/en\/wp-json\/wp\/v2\/product"}],"about":[{"href":"https:\/\/kvt-info.shop\/en\/wp-json\/wp\/v2\/types\/product"}],"wp:attachment":[{"href":"https:\/\/kvt-info.shop\/en\/wp-json\/wp\/v2\/media?parent=4594"}],"wp:term":[{"taxonomy":"product_brand","embeddable":true,"href":"https:\/\/kvt-info.shop\/en\/wp-json\/wp\/v2\/product_brand?post=4594"},{"taxonomy":"product_cat","embeddable":true,"href":"https:\/\/kvt-info.shop\/en\/wp-json\/wp\/v2\/product_cat?post=4594"},{"taxonomy":"product_tag","embeddable":true,"href":"https:\/\/kvt-info.shop\/en\/wp-json\/wp\/v2\/product_tag?post=4594"}],"curies":[{"name":"wp","href":"https:\/\/api.w.org\/{rel}","templated":true}]}}