{"id":4591,"date":"2026-01-31T16:55:01","date_gmt":"2026-01-31T15:55:01","guid":{"rendered":"https:\/\/kvt-info.shop\/produkt\/verstellscheibe-antriebsscheibe-uebergabe-unten-mit-drucklager-bobst-alpina-110-1110-275-1\/"},"modified":"2026-01-31T16:55:27","modified_gmt":"2026-01-31T15:55:27","slug":"verstellscheibe-antriebsscheibe-uebergabe-unten-mit-drucklager-bobst-alpina-110-1110-275-1","status":"publish","type":"product","link":"https:\/\/kvt-info.shop\/en\/produkt\/verstellscheibe-antriebsscheibe-uebergabe-unten-mit-drucklager-bobst-alpina-110-1110-275-1\/","title":{"rendered":"Verstellscheibe \/ Antriebsscheibe \u00dcbergabe unten mit Drucklager Bobst  Alpina 110-1+110-2+75-1"},"content":{"rendered":"<p>Verstellscheibe \/ Antriebsscheibe f\u00fcr \u00dcbergabe unten mit Drucklager, Bobst Alpina 110-1+110-2+75-1, Ersatz f\u00fcr Berges Verstellscheibe, Au\u00dfendurchmesser 220mm, Bohrung 28 H7, Breitkeilriemen 37x10mm.<\/p>\n","protected":false},"excerpt":{"rendered":"<p>Verstellscheibe \/ Antriebsscheibe f\u00fcr \u00dcbergabe unten mit Drucklager, Bobst Alpina 110-1+110-2+75-1, Ersatz f\u00fcr Berges Verstellscheibe, Au\u00dfendurchmesser 220mm, Bohrung 28 H7, Breitkeilriemen 37x10mm.<\/p>\n","protected":false},"featured_media":0,"template":"","meta":{"_themeisle_gutenberg_block_has_review":false},"product_brand":[],"product_cat":[15],"product_tag":[],"class_list":{"0":"post-4591","1":"product","2":"type-product","3":"status-publish","5":"product_cat-unkategorisiert","7":"first","8":"instock","9":"purchasable","10":"product-type-simple"},"_links":{"self":[{"href":"https:\/\/kvt-info.shop\/en\/wp-json\/wp\/v2\/product\/4591","targetHints":{"allow":["GET"]}}],"collection":[{"href":"https:\/\/kvt-info.shop\/en\/wp-json\/wp\/v2\/product"}],"about":[{"href":"https:\/\/kvt-info.shop\/en\/wp-json\/wp\/v2\/types\/product"}],"wp:attachment":[{"href":"https:\/\/kvt-info.shop\/en\/wp-json\/wp\/v2\/media?parent=4591"}],"wp:term":[{"taxonomy":"product_brand","embeddable":true,"href":"https:\/\/kvt-info.shop\/en\/wp-json\/wp\/v2\/product_brand?post=4591"},{"taxonomy":"product_cat","embeddable":true,"href":"https:\/\/kvt-info.shop\/en\/wp-json\/wp\/v2\/product_cat?post=4591"},{"taxonomy":"product_tag","embeddable":true,"href":"https:\/\/kvt-info.shop\/en\/wp-json\/wp\/v2\/product_tag?post=4591"}],"curies":[{"name":"wp","href":"https:\/\/api.w.org\/{rel}","templated":true}]}}