{"id":4587,"date":"2026-01-31T16:54:25","date_gmt":"2026-01-31T15:54:25","guid":{"rendered":"https:\/\/kvt-info.shop\/produkt\/verstellscheibe-antriebsscheibe-einleger-oe180x24mm-fuer-diana-74104-1\/"},"modified":"2026-01-31T16:54:40","modified_gmt":"2026-01-31T15:54:40","slug":"verstellscheibe-antriebsscheibe-einleger-oe180x24mm-fuer-diana-74104-1","status":"publish","type":"product","link":"https:\/\/kvt-info.shop\/en\/produkt\/verstellscheibe-antriebsscheibe-einleger-oe180x24mm-fuer-diana-74104-1\/","title":{"rendered":"Verstellscheibe \/ Antriebsscheibe Einleger \u00d8180x24mm f\u00fcr Diana 74+104-1"},"content":{"rendered":"<p>Verstellscheibe \/ Antriebsscheibe f\u00fcr Einleger Jagenberg Diana 70-1+ 74+104-1, Ersatz f\u00fcr Lenze Verstellscheibe. Au\u00dfendurchmesser 180mm, Bohrung \u00d824 H7, mit 2 Federn, Breitkeilriemen 28x8mm.<\/p>\n","protected":false},"excerpt":{"rendered":"<p>Verstellscheibe \/ Antriebsscheibe f\u00fcr Einleger Jagenberg Diana 70-1+ 74+104-1, Ersatz f\u00fcr Lenze Verstellscheibe. Au\u00dfendurchmesser 180mm, Bohrung \u00d824 H7, mit 2 Federn, Breitkeilriemen 28x8mm.<\/p>\n","protected":false},"featured_media":0,"template":"","meta":{"_themeisle_gutenberg_block_has_review":false},"product_brand":[],"product_cat":[15],"product_tag":[],"class_list":{"0":"post-4587","1":"product","2":"type-product","3":"status-publish","5":"product_cat-unkategorisiert","7":"first","8":"instock","9":"purchasable","10":"product-type-simple"},"_links":{"self":[{"href":"https:\/\/kvt-info.shop\/en\/wp-json\/wp\/v2\/product\/4587","targetHints":{"allow":["GET"]}}],"collection":[{"href":"https:\/\/kvt-info.shop\/en\/wp-json\/wp\/v2\/product"}],"about":[{"href":"https:\/\/kvt-info.shop\/en\/wp-json\/wp\/v2\/types\/product"}],"wp:attachment":[{"href":"https:\/\/kvt-info.shop\/en\/wp-json\/wp\/v2\/media?parent=4587"}],"wp:term":[{"taxonomy":"product_brand","embeddable":true,"href":"https:\/\/kvt-info.shop\/en\/wp-json\/wp\/v2\/product_brand?post=4587"},{"taxonomy":"product_cat","embeddable":true,"href":"https:\/\/kvt-info.shop\/en\/wp-json\/wp\/v2\/product_cat?post=4587"},{"taxonomy":"product_tag","embeddable":true,"href":"https:\/\/kvt-info.shop\/en\/wp-json\/wp\/v2\/product_tag?post=4587"}],"curies":[{"name":"wp","href":"https:\/\/api.w.org\/{rel}","templated":true}]}}