{"id":4583,"date":"2026-01-31T16:37:34","date_gmt":"2026-01-31T15:37:34","guid":{"rendered":"https:\/\/kvt-info.shop\/produkt\/antriebsbuchse-6-kant-nabe-sw-24-anleger-bobst-masterfold-visionfold\/"},"modified":"2026-01-31T16:37:40","modified_gmt":"2026-01-31T15:37:40","slug":"antriebsbuchse-6-kant-nabe-sw-24-anleger-bobst-masterfold-visionfold","status":"publish","type":"product","link":"https:\/\/kvt-info.shop\/en\/produkt\/antriebsbuchse-6-kant-nabe-sw-24-anleger-bobst-masterfold-visionfold\/","title":{"rendered":"Antriebsbuchse \/  6-Kant Nabe SW 24 Anleger Bobst Masterfold \/ Visionfold"},"content":{"rendered":"<p>Antriebsbuchse \/ Buchse mit 6-Kant SW 24 f\u00fcr Anleger f\u00fcr Bobst Masterfold \/ Visionfold mit folgenden Abma\u00dfen: H\u00f6he= 15mm, \u00d8Aussen= 33mm.<\/p>\n","protected":false},"excerpt":{"rendered":"<p>Antriebsbuchse \/ Buchse mit 6-Kant SW 24 f\u00fcr Anleger f\u00fcr Bobst Masterfold \/ Visionfold mit folgenden Abma\u00dfen: H\u00f6he= 15mm, \u00d8Aussen= 33mm.<\/p>\n","protected":false},"featured_media":0,"template":"","meta":{"_themeisle_gutenberg_block_has_review":false},"product_brand":[],"product_cat":[15],"product_tag":[],"class_list":{"0":"post-4583","1":"product","2":"type-product","3":"status-publish","5":"product_cat-unkategorisiert","7":"first","8":"instock","9":"purchasable","10":"product-type-simple"},"_links":{"self":[{"href":"https:\/\/kvt-info.shop\/en\/wp-json\/wp\/v2\/product\/4583","targetHints":{"allow":["GET"]}}],"collection":[{"href":"https:\/\/kvt-info.shop\/en\/wp-json\/wp\/v2\/product"}],"about":[{"href":"https:\/\/kvt-info.shop\/en\/wp-json\/wp\/v2\/types\/product"}],"wp:attachment":[{"href":"https:\/\/kvt-info.shop\/en\/wp-json\/wp\/v2\/media?parent=4583"}],"wp:term":[{"taxonomy":"product_brand","embeddable":true,"href":"https:\/\/kvt-info.shop\/en\/wp-json\/wp\/v2\/product_brand?post=4583"},{"taxonomy":"product_cat","embeddable":true,"href":"https:\/\/kvt-info.shop\/en\/wp-json\/wp\/v2\/product_cat?post=4583"},{"taxonomy":"product_tag","embeddable":true,"href":"https:\/\/kvt-info.shop\/en\/wp-json\/wp\/v2\/product_tag?post=4583"}],"curies":[{"name":"wp","href":"https:\/\/api.w.org\/{rel}","templated":true}]}}