{"id":4582,"date":"2026-01-31T16:40:41","date_gmt":"2026-01-31T15:40:41","guid":{"rendered":"https:\/\/kvt-info.shop\/produkt\/antriebsbuchse-6-kant-nabe-sw46-sonderbuchse-jagenberg-diana-185-225\/"},"modified":"2026-01-31T16:40:45","modified_gmt":"2026-01-31T15:40:45","slug":"antriebsbuchse-6-kant-nabe-sw46-sonderbuchse-jagenberg-diana-185-225","status":"publish","type":"product","link":"https:\/\/kvt-info.shop\/en\/produkt\/antriebsbuchse-6-kant-nabe-sw46-sonderbuchse-jagenberg-diana-185-225\/","title":{"rendered":"Antriebsbuchse \/  6-Kant Nabe SW46 Sonderbuchse Jagenberg Diana 185 \/ 225"},"content":{"rendered":"<p>Antriebsbuchse \/ Buchse mit 6-Kant SW46 f\u00fcr Sonderumbau Polygonwelle auf 6-Kant Welle, mit folgenden Ma\u00dfen: 6-Kant SW46, Gesamtl\u00e4nge 75mm, Einpressdurchmesser 59mm, Lochkreis 71mm.<\/p>\n","protected":false},"excerpt":{"rendered":"<p>Antriebsbuchse \/ Buchse mit 6-Kant SW46 f\u00fcr Sonderumbau Polygonwelle auf 6-Kant Welle, mit folgenden Ma\u00dfen: 6-Kant SW46, Gesamtl\u00e4nge 75mm, Einpressdurchmesser 59mm, Lochkreis 71mm.<\/p>\n","protected":false},"featured_media":0,"template":"","meta":{"_themeisle_gutenberg_block_has_review":false},"product_brand":[],"product_cat":[15],"product_tag":[],"class_list":{"0":"post-4582","1":"product","2":"type-product","3":"status-publish","5":"product_cat-unkategorisiert","7":"first","8":"instock","9":"purchasable","10":"product-type-simple"},"_links":{"self":[{"href":"https:\/\/kvt-info.shop\/en\/wp-json\/wp\/v2\/product\/4582","targetHints":{"allow":["GET"]}}],"collection":[{"href":"https:\/\/kvt-info.shop\/en\/wp-json\/wp\/v2\/product"}],"about":[{"href":"https:\/\/kvt-info.shop\/en\/wp-json\/wp\/v2\/types\/product"}],"wp:attachment":[{"href":"https:\/\/kvt-info.shop\/en\/wp-json\/wp\/v2\/media?parent=4582"}],"wp:term":[{"taxonomy":"product_brand","embeddable":true,"href":"https:\/\/kvt-info.shop\/en\/wp-json\/wp\/v2\/product_brand?post=4582"},{"taxonomy":"product_cat","embeddable":true,"href":"https:\/\/kvt-info.shop\/en\/wp-json\/wp\/v2\/product_cat?post=4582"},{"taxonomy":"product_tag","embeddable":true,"href":"https:\/\/kvt-info.shop\/en\/wp-json\/wp\/v2\/product_tag?post=4582"}],"curies":[{"name":"wp","href":"https:\/\/api.w.org\/{rel}","templated":true}]}}