{"id":4579,"date":"2026-01-31T16:46:16","date_gmt":"2026-01-31T15:46:16","guid":{"rendered":"https:\/\/kvt-info.shop\/produkt\/klemmhalter-kurz-fuer-buerstenrolle-und-niederhalter-bobst-sp\/"},"modified":"2026-01-31T16:46:46","modified_gmt":"2026-01-31T15:46:46","slug":"klemmhalter-kurz-fuer-buerstenrolle-und-niederhalter-bobst-sp","status":"publish","type":"product","link":"https:\/\/kvt-info.shop\/en\/produkt\/klemmhalter-kurz-fuer-buerstenrolle-und-niederhalter-bobst-sp\/","title":{"rendered":"Klemmhalter kurz f\u00fcr B\u00fcrstenrolle und Niederhalter Bobst SP"},"content":{"rendered":"<p>Klemmhalter kurze Ausf\u00fchrung f\u00fcr B\u00fcrstenrolle und Niederhalter einer Bobst SP Stanzmaschine, mit folgenden Ma\u00dfen: L\u00e4nge= 58mm, Breite 45mm, H\u00f6he 27mm.<\/p>\n","protected":false},"excerpt":{"rendered":"<p>Klemmhalter kurze Ausf\u00fchrung f\u00fcr B\u00fcrstenrolle und Niederhalter einer Bobst SP Stanzmaschine, mit folgenden Ma\u00dfen: L\u00e4nge= 58mm, Breite 45mm, H\u00f6he 27mm.<\/p>\n","protected":false},"featured_media":0,"template":"","meta":{"_themeisle_gutenberg_block_has_review":false},"product_brand":[],"product_cat":[15],"product_tag":[],"class_list":{"0":"post-4579","1":"product","2":"type-product","3":"status-publish","5":"product_cat-unkategorisiert","7":"first","8":"instock","9":"purchasable","10":"product-type-simple"},"_links":{"self":[{"href":"https:\/\/kvt-info.shop\/en\/wp-json\/wp\/v2\/product\/4579","targetHints":{"allow":["GET"]}}],"collection":[{"href":"https:\/\/kvt-info.shop\/en\/wp-json\/wp\/v2\/product"}],"about":[{"href":"https:\/\/kvt-info.shop\/en\/wp-json\/wp\/v2\/types\/product"}],"wp:attachment":[{"href":"https:\/\/kvt-info.shop\/en\/wp-json\/wp\/v2\/media?parent=4579"}],"wp:term":[{"taxonomy":"product_brand","embeddable":true,"href":"https:\/\/kvt-info.shop\/en\/wp-json\/wp\/v2\/product_brand?post=4579"},{"taxonomy":"product_cat","embeddable":true,"href":"https:\/\/kvt-info.shop\/en\/wp-json\/wp\/v2\/product_cat?post=4579"},{"taxonomy":"product_tag","embeddable":true,"href":"https:\/\/kvt-info.shop\/en\/wp-json\/wp\/v2\/product_tag?post=4579"}],"curies":[{"name":"wp","href":"https:\/\/api.w.org\/{rel}","templated":true}]}}