{"id":4541,"date":"2025-02-25T10:55:30","date_gmt":"2025-02-25T09:55:30","guid":{"rendered":"https:\/\/kvt-info.shop\/produkt\/cross-clamp-clamp-oe13mm-to-oe20mm-for-folding-diana\/"},"modified":"2025-02-25T10:55:31","modified_gmt":"2025-02-25T09:55:31","slug":"cross-clamp-clamp-oe13mm-to-oe20mm-for-folding-diana","status":"publish","type":"product","link":"https:\/\/kvt-info.shop\/en\/produkt\/cross-clamp-clamp-oe13mm-to-oe20mm-for-folding-diana\/","title":{"rendered":"Cross Clamp \/ Clamp \u00d813mm to \u00d820mm for Folding Diana"},"content":{"rendered":"<p>Cross clamp with the following dimensions: \u00d813mm to \u00d820mm, 40mm x40mm x 42mm for Jagenberg \/ Heidelberg Diana.<\/p>\n","protected":false},"excerpt":{"rendered":"<p>Cross clamp with the following dimensions: \u00d813mm to \u00d820mm, 40mm x40mm x 42mm for Jagenberg \/ Heidelberg Diana.<\/p>\n","protected":false},"featured_media":0,"template":"","meta":{"_themeisle_gutenberg_block_has_review":false},"product_brand":[],"product_cat":[207],"product_tag":[],"class_list":{"0":"post-4541","1":"product","2":"type-product","3":"status-publish","5":"product_cat-uncategorized","7":"first","8":"instock","9":"product-type-simple"},"_links":{"self":[{"href":"https:\/\/kvt-info.shop\/en\/wp-json\/wp\/v2\/product\/4541","targetHints":{"allow":["GET"]}}],"collection":[{"href":"https:\/\/kvt-info.shop\/en\/wp-json\/wp\/v2\/product"}],"about":[{"href":"https:\/\/kvt-info.shop\/en\/wp-json\/wp\/v2\/types\/product"}],"wp:attachment":[{"href":"https:\/\/kvt-info.shop\/en\/wp-json\/wp\/v2\/media?parent=4541"}],"wp:term":[{"taxonomy":"product_brand","embeddable":true,"href":"https:\/\/kvt-info.shop\/en\/wp-json\/wp\/v2\/product_brand?post=4541"},{"taxonomy":"product_cat","embeddable":true,"href":"https:\/\/kvt-info.shop\/en\/wp-json\/wp\/v2\/product_cat?post=4541"},{"taxonomy":"product_tag","embeddable":true,"href":"https:\/\/kvt-info.shop\/en\/wp-json\/wp\/v2\/product_tag?post=4541"}],"curies":[{"name":"wp","href":"https:\/\/api.w.org\/{rel}","templated":true}]}}