{"id":4515,"date":"2026-01-31T16:44:22","date_gmt":"2026-01-31T15:44:22","guid":{"rendered":"https:\/\/kvt-info.shop\/produkt\/zahnriemen-fuer-scheibenunterleimwer-fuer-bobst-domino-100-m\/"},"modified":"2026-01-31T16:44:52","modified_gmt":"2026-01-31T15:44:52","slug":"zahnriemen-fuer-scheibenunterleimwer-fuer-bobst-domino-100-m","status":"publish","type":"product","link":"https:\/\/kvt-info.shop\/en\/produkt\/zahnriemen-fuer-scheibenunterleimwer-fuer-bobst-domino-100-m\/","title":{"rendered":"Zahnriemen f\u00fcr Scheibenunterleimwer f\u00fcr Bobst Domino 100 M"},"content":{"rendered":"<p>Zahnriemen Scheibenunterleimwerk f\u00fcr Bobst Domino 100 M, mit folgenden Ma\u00dfen: Breite= 16mm, L\u00e4nge= 2350mm, Teilung= 10mm<\/p>\n","protected":false},"excerpt":{"rendered":"<p>Zahnriemen Scheibenunterleimwerk f\u00fcr Bobst Domino 100 M, mit folgenden Ma\u00dfen: Breite= 16mm, L\u00e4nge= 2350mm, Teilung= 10mm<\/p>\n","protected":false},"featured_media":0,"template":"","meta":{"_themeisle_gutenberg_block_has_review":false},"product_brand":[],"product_cat":[19,35,42],"product_tag":[],"class_list":{"0":"post-4515","1":"product","2":"type-product","3":"status-publish","5":"product_cat-bobst","6":"product_cat-klebemaschine-bobst","7":"product_cat-riemen-km-b","9":"first","10":"instock","11":"purchasable","12":"product-type-simple"},"_links":{"self":[{"href":"https:\/\/kvt-info.shop\/en\/wp-json\/wp\/v2\/product\/4515","targetHints":{"allow":["GET"]}}],"collection":[{"href":"https:\/\/kvt-info.shop\/en\/wp-json\/wp\/v2\/product"}],"about":[{"href":"https:\/\/kvt-info.shop\/en\/wp-json\/wp\/v2\/types\/product"}],"wp:attachment":[{"href":"https:\/\/kvt-info.shop\/en\/wp-json\/wp\/v2\/media?parent=4515"}],"wp:term":[{"taxonomy":"product_brand","embeddable":true,"href":"https:\/\/kvt-info.shop\/en\/wp-json\/wp\/v2\/product_brand?post=4515"},{"taxonomy":"product_cat","embeddable":true,"href":"https:\/\/kvt-info.shop\/en\/wp-json\/wp\/v2\/product_cat?post=4515"},{"taxonomy":"product_tag","embeddable":true,"href":"https:\/\/kvt-info.shop\/en\/wp-json\/wp\/v2\/product_tag?post=4515"}],"curies":[{"name":"wp","href":"https:\/\/api.w.org\/{rel}","templated":true}]}}