{"id":4511,"date":"2026-01-31T16:38:11","date_gmt":"2026-01-31T15:38:11","guid":{"rendered":"https:\/\/kvt-info.shop\/produkt\/achse-oe15-x-85mm-fuer-stationen-jagenberg-diana\/"},"modified":"2026-01-31T16:38:19","modified_gmt":"2026-01-31T15:38:19","slug":"achse-oe15-x-85mm-fuer-stationen-jagenberg-diana","status":"publish","type":"product","link":"https:\/\/kvt-info.shop\/en\/produkt\/achse-oe15-x-85mm-fuer-stationen-jagenberg-diana\/","title":{"rendered":"Achse \u00d815 x 85mm f\u00fcr Stationen Jagenberg Diana"},"content":{"rendered":"<p>Achse f\u00fcr Jagenberg Diana Stationen mit folgenden Ma\u00dfen:_x000D__x000D_<br \/>\n\u00d815 x 85mm mit 9 Einstichen _x000D__x000D_<\/p>\n","protected":false},"excerpt":{"rendered":"<p>Achse f\u00fcr Jagenberg Diana Stationen mit folgenden Ma\u00dfen:_x000D__x000D_ \u00d815 x 85mm mit 9 Einstichen _x000D__x000D_<\/p>\n","protected":false},"featured_media":298,"template":"","meta":{"_themeisle_gutenberg_block_has_review":false},"product_brand":[],"product_cat":[20,26,87],"product_tag":[],"class_list":{"0":"post-4511","1":"product","2":"type-product","3":"status-publish","4":"has-post-thumbnail","6":"product_cat-jagenberg-heidelberg","7":"product_cat-klebemaschine-jagenberg","8":"product_cat-mechanischebauteile-km-jb","10":"first","11":"instock","12":"purchasable","13":"product-type-simple"},"_links":{"self":[{"href":"https:\/\/kvt-info.shop\/en\/wp-json\/wp\/v2\/product\/4511","targetHints":{"allow":["GET"]}}],"collection":[{"href":"https:\/\/kvt-info.shop\/en\/wp-json\/wp\/v2\/product"}],"about":[{"href":"https:\/\/kvt-info.shop\/en\/wp-json\/wp\/v2\/types\/product"}],"wp:featuredmedia":[{"embeddable":true,"href":"https:\/\/kvt-info.shop\/en\/wp-json\/wp\/v2\/media\/298"}],"wp:attachment":[{"href":"https:\/\/kvt-info.shop\/en\/wp-json\/wp\/v2\/media?parent=4511"}],"wp:term":[{"taxonomy":"product_brand","embeddable":true,"href":"https:\/\/kvt-info.shop\/en\/wp-json\/wp\/v2\/product_brand?post=4511"},{"taxonomy":"product_cat","embeddable":true,"href":"https:\/\/kvt-info.shop\/en\/wp-json\/wp\/v2\/product_cat?post=4511"},{"taxonomy":"product_tag","embeddable":true,"href":"https:\/\/kvt-info.shop\/en\/wp-json\/wp\/v2\/product_tag?post=4511"}],"curies":[{"name":"wp","href":"https:\/\/api.w.org\/{rel}","templated":true}]}}