{"id":4509,"date":"2025-09-03T07:59:06","date_gmt":"2025-09-03T06:59:06","guid":{"rendered":"https:\/\/kvt-info.shop\/produkt\/bundrolle-oe-38mm-x-oe-32-x-29mm-masterfold-bsa1113183400\/"},"modified":"2025-09-03T07:59:16","modified_gmt":"2025-09-03T06:59:16","slug":"4509","status":"publish","type":"product","link":"https:\/\/kvt-info.shop\/en\/produkt\/4509\/","title":{"rendered":"Bundrolle  \u00d8 38mm x \u00d8 32 x 29mm Masterfold BSA1113183400"},"content":{"rendered":"<p>Bundrolle Masterfold BSA1113183400 \u00d8 38mm x \u00d8 32 x 29mm, mit Achse und Kugellager<\/p>\n","protected":false},"excerpt":{"rendered":"<p>Bundrolle Masterfold BSA1113183400 \u00d8 38mm x \u00d8 32 x 29mm, mit Achse und Kugellager<\/p>\n","protected":false},"featured_media":0,"template":"","meta":{"_themeisle_gutenberg_block_has_review":false},"product_brand":[],"product_cat":[19,35,54],"product_tag":[],"class_list":{"0":"post-4509","1":"product","2":"type-product","3":"status-publish","5":"product_cat-bobst","6":"product_cat-klebemaschine-bobst","7":"product_cat-mechanische-bauteile-kmb","9":"first","10":"instock","11":"purchasable","12":"product-type-simple"},"_links":{"self":[{"href":"https:\/\/kvt-info.shop\/en\/wp-json\/wp\/v2\/product\/4509","targetHints":{"allow":["GET"]}}],"collection":[{"href":"https:\/\/kvt-info.shop\/en\/wp-json\/wp\/v2\/product"}],"about":[{"href":"https:\/\/kvt-info.shop\/en\/wp-json\/wp\/v2\/types\/product"}],"wp:attachment":[{"href":"https:\/\/kvt-info.shop\/en\/wp-json\/wp\/v2\/media?parent=4509"}],"wp:term":[{"taxonomy":"product_brand","embeddable":true,"href":"https:\/\/kvt-info.shop\/en\/wp-json\/wp\/v2\/product_brand?post=4509"},{"taxonomy":"product_cat","embeddable":true,"href":"https:\/\/kvt-info.shop\/en\/wp-json\/wp\/v2\/product_cat?post=4509"},{"taxonomy":"product_tag","embeddable":true,"href":"https:\/\/kvt-info.shop\/en\/wp-json\/wp\/v2\/product_tag?post=4509"}],"curies":[{"name":"wp","href":"https:\/\/api.w.org\/{rel}","templated":true}]}}