{"id":4508,"date":"2025-09-03T07:58:04","date_gmt":"2025-09-03T06:58:04","guid":{"rendered":"https:\/\/kvt-info.shop\/produkt\/transportrolle-oe40x43mm-fuer-untere-station-bobst-expertfold\/"},"modified":"2025-09-03T07:58:16","modified_gmt":"2025-09-03T06:58:16","slug":"4508","status":"publish","type":"product","link":"https:\/\/kvt-info.shop\/en\/produkt\/4508\/","title":{"rendered":"Transportrolle \u00d840x43mm f\u00fcr untere Station Bobst Expertfold"},"content":{"rendered":"<p>Transportrolle f\u00fcr untere Station (linke Wange) Bobst Expertfold komplett mit Achse und Lager, mit folgenden Ma\u00dfen: \u00d8-Aussen= 40mm, Breite=43mm.<\/p>\n","protected":false},"excerpt":{"rendered":"<p>Transportrolle f\u00fcr untere Station (linke Wange) Bobst Expertfold komplett mit Achse und Lager, mit folgenden Ma\u00dfen: \u00d8-Aussen= 40mm, Breite=43mm.<\/p>\n","protected":false},"featured_media":0,"template":"","meta":{"_themeisle_gutenberg_block_has_review":false},"product_brand":[],"product_cat":[19,35,54],"product_tag":[],"class_list":{"0":"post-4508","1":"product","2":"type-product","3":"status-publish","5":"product_cat-bobst","6":"product_cat-klebemaschine-bobst","7":"product_cat-mechanische-bauteile-kmb","9":"first","10":"instock","11":"purchasable","12":"product-type-simple"},"_links":{"self":[{"href":"https:\/\/kvt-info.shop\/en\/wp-json\/wp\/v2\/product\/4508","targetHints":{"allow":["GET"]}}],"collection":[{"href":"https:\/\/kvt-info.shop\/en\/wp-json\/wp\/v2\/product"}],"about":[{"href":"https:\/\/kvt-info.shop\/en\/wp-json\/wp\/v2\/types\/product"}],"wp:attachment":[{"href":"https:\/\/kvt-info.shop\/en\/wp-json\/wp\/v2\/media?parent=4508"}],"wp:term":[{"taxonomy":"product_brand","embeddable":true,"href":"https:\/\/kvt-info.shop\/en\/wp-json\/wp\/v2\/product_brand?post=4508"},{"taxonomy":"product_cat","embeddable":true,"href":"https:\/\/kvt-info.shop\/en\/wp-json\/wp\/v2\/product_cat?post=4508"},{"taxonomy":"product_tag","embeddable":true,"href":"https:\/\/kvt-info.shop\/en\/wp-json\/wp\/v2\/product_tag?post=4508"}],"curies":[{"name":"wp","href":"https:\/\/api.w.org\/{rel}","templated":true}]}}