{"id":4507,"date":"2026-01-31T16:40:41","date_gmt":"2026-01-31T15:40:41","guid":{"rendered":"https:\/\/kvt-info.shop\/produkt\/rolle-ballig-oe40x25mm-komplett-fuer-vorbrecher-untere-station-bobst-expertfold\/"},"modified":"2026-01-31T16:40:47","modified_gmt":"2026-01-31T15:40:47","slug":"rolle-ballig-oe40x25mm-komplett-fuer-vorbrecher-untere-station-bobst-expertfold","status":"publish","type":"product","link":"https:\/\/kvt-info.shop\/en\/produkt\/rolle-ballig-oe40x25mm-komplett-fuer-vorbrecher-untere-station-bobst-expertfold\/","title":{"rendered":"Rolle ballig \u00d840x25mm komplett f\u00fcr Vorbrecher untere Station Bobst Expertfold"},"content":{"rendered":"<p>Rolle ballig f\u00fcr Vorbrecher der unteren Transportstation, komplett mit Achse und Lager f\u00fcr Bobst Expertfold. Mit folgenden Ma\u00dfen: \u00d8-Au\u00dfen= 40mm, Breite= 25mm.<\/p>\n","protected":false},"excerpt":{"rendered":"<p>Rolle ballig f\u00fcr Vorbrecher der unteren Transportstation, komplett mit Achse und Lager f\u00fcr Bobst Expertfold. Mit folgenden Ma\u00dfen: \u00d8-Au\u00dfen= 40mm, Breite= 25mm.<\/p>\n","protected":false},"featured_media":0,"template":"","meta":{"_themeisle_gutenberg_block_has_review":false},"product_brand":[],"product_cat":[19,35,54],"product_tag":[],"class_list":{"0":"post-4507","1":"product","2":"type-product","3":"status-publish","5":"product_cat-bobst","6":"product_cat-klebemaschine-bobst","7":"product_cat-mechanische-bauteile-kmb","9":"first","10":"instock","11":"purchasable","12":"product-type-simple"},"_links":{"self":[{"href":"https:\/\/kvt-info.shop\/en\/wp-json\/wp\/v2\/product\/4507","targetHints":{"allow":["GET"]}}],"collection":[{"href":"https:\/\/kvt-info.shop\/en\/wp-json\/wp\/v2\/product"}],"about":[{"href":"https:\/\/kvt-info.shop\/en\/wp-json\/wp\/v2\/types\/product"}],"wp:attachment":[{"href":"https:\/\/kvt-info.shop\/en\/wp-json\/wp\/v2\/media?parent=4507"}],"wp:term":[{"taxonomy":"product_brand","embeddable":true,"href":"https:\/\/kvt-info.shop\/en\/wp-json\/wp\/v2\/product_brand?post=4507"},{"taxonomy":"product_cat","embeddable":true,"href":"https:\/\/kvt-info.shop\/en\/wp-json\/wp\/v2\/product_cat?post=4507"},{"taxonomy":"product_tag","embeddable":true,"href":"https:\/\/kvt-info.shop\/en\/wp-json\/wp\/v2\/product_tag?post=4507"}],"curies":[{"name":"wp","href":"https:\/\/api.w.org\/{rel}","templated":true}]}}