{"id":4506,"date":"2025-09-03T07:57:32","date_gmt":"2025-09-03T06:57:32","guid":{"rendered":"https:\/\/kvt-info.shop\/produkt\/rolle-oe32x29mm-untere-station-jagenberg-diana\/"},"modified":"2025-09-03T07:57:49","modified_gmt":"2025-09-03T06:57:49","slug":"4506","status":"publish","type":"product","link":"https:\/\/kvt-info.shop\/en\/produkt\/4506\/","title":{"rendered":"Rolle \u00d832x29mm untere Station Jagenberg Diana"},"content":{"rendered":"<p>Rolle f\u00fcr Jagenberg \u00d832x29mm\/ Heidelberg Maschinen, mit folgenden Abma\u00dfen : A\u00d8=32mm, Gesamtbreite 29mm, Lagersitz \u00d826mm.\tF\u00fcr die unteren Stationen, im Wechsel verbaut mit der Einfachkragenrolle.<\/p>\n","protected":false},"excerpt":{"rendered":"<p>Rolle f\u00fcr Jagenberg \u00d832x29mm\/ Heidelberg Maschinen, mit folgenden Abma\u00dfen : A\u00d8=32mm, Gesamtbreite 29mm, Lagersitz \u00d826mm. F\u00fcr die unteren Stationen, im Wechsel verbaut mit der Einfachkragenrolle.<\/p>\n","protected":false},"featured_media":0,"template":"","meta":{"_themeisle_gutenberg_block_has_review":false},"product_brand":[],"product_cat":[20,26,87],"product_tag":[],"class_list":{"0":"post-4506","1":"product","2":"type-product","3":"status-publish","5":"product_cat-jagenberg-heidelberg","6":"product_cat-klebemaschine-jagenberg","7":"product_cat-mechanischebauteile-km-jb","9":"first","10":"instock","11":"purchasable","12":"product-type-simple"},"_links":{"self":[{"href":"https:\/\/kvt-info.shop\/en\/wp-json\/wp\/v2\/product\/4506","targetHints":{"allow":["GET"]}}],"collection":[{"href":"https:\/\/kvt-info.shop\/en\/wp-json\/wp\/v2\/product"}],"about":[{"href":"https:\/\/kvt-info.shop\/en\/wp-json\/wp\/v2\/types\/product"}],"wp:attachment":[{"href":"https:\/\/kvt-info.shop\/en\/wp-json\/wp\/v2\/media?parent=4506"}],"wp:term":[{"taxonomy":"product_brand","embeddable":true,"href":"https:\/\/kvt-info.shop\/en\/wp-json\/wp\/v2\/product_brand?post=4506"},{"taxonomy":"product_cat","embeddable":true,"href":"https:\/\/kvt-info.shop\/en\/wp-json\/wp\/v2\/product_cat?post=4506"},{"taxonomy":"product_tag","embeddable":true,"href":"https:\/\/kvt-info.shop\/en\/wp-json\/wp\/v2\/product_tag?post=4506"}],"curies":[{"name":"wp","href":"https:\/\/api.w.org\/{rel}","templated":true}]}}