{"id":4505,"date":"2026-01-31T16:40:03","date_gmt":"2026-01-31T15:40:03","guid":{"rendered":"https:\/\/kvt-info.shop\/produkt\/kreuzklemmung-klemmstueck-oe13mm-auf-oe20mm-fuer-faltung-diana\/"},"modified":"2026-01-31T16:40:04","modified_gmt":"2026-01-31T15:40:04","slug":"kreuzklemmung-klemmstueck-oe13mm-auf-oe20mm-fuer-faltung-jagenberg-diana","status":"publish","type":"product","link":"https:\/\/kvt-info.shop\/en\/produkt\/kreuzklemmung-klemmstueck-oe13mm-auf-oe20mm-fuer-faltung-jagenberg-diana\/","title":{"rendered":"Kreuzklemmung \/ Klemmst\u00fcck \u00d813mm auf \u00d820mm f\u00fcr Faltung Jagenberg Diana"},"content":{"rendered":"<p>Kreuzklemmung \/ Klemmst\u00fcck mit folgenden Ma\u00dfen: \u00d813mm auf \u00d820mm, 40mm x40mm x 42mm f\u00fcr Jagenberg \/ Heidelberg Diana.<\/p>\n","protected":false},"excerpt":{"rendered":"<p>Kreuzklemmung \/ Klemmst\u00fcck mit folgenden Ma\u00dfen: \u00d813mm auf \u00d820mm, 40mm x40mm x 42mm f\u00fcr Jagenberg \/ Heidelberg Diana.<\/p>\n","protected":false},"featured_media":600,"template":"","meta":{"_themeisle_gutenberg_block_has_review":false},"product_brand":[],"product_cat":[20,85,26],"product_tag":[],"class_list":{"0":"post-4505","1":"product","2":"type-product","3":"status-publish","4":"has-post-thumbnail","6":"product_cat-jagenberg-heidelberg","7":"product_cat-umbausaetze-ve-jb","8":"product_cat-klebemaschine-jagenberg","10":"first","11":"instock","12":"purchasable","13":"product-type-simple"},"_links":{"self":[{"href":"https:\/\/kvt-info.shop\/en\/wp-json\/wp\/v2\/product\/4505","targetHints":{"allow":["GET"]}}],"collection":[{"href":"https:\/\/kvt-info.shop\/en\/wp-json\/wp\/v2\/product"}],"about":[{"href":"https:\/\/kvt-info.shop\/en\/wp-json\/wp\/v2\/types\/product"}],"wp:featuredmedia":[{"embeddable":true,"href":"https:\/\/kvt-info.shop\/en\/wp-json\/wp\/v2\/media\/600"}],"wp:attachment":[{"href":"https:\/\/kvt-info.shop\/en\/wp-json\/wp\/v2\/media?parent=4505"}],"wp:term":[{"taxonomy":"product_brand","embeddable":true,"href":"https:\/\/kvt-info.shop\/en\/wp-json\/wp\/v2\/product_brand?post=4505"},{"taxonomy":"product_cat","embeddable":true,"href":"https:\/\/kvt-info.shop\/en\/wp-json\/wp\/v2\/product_cat?post=4505"},{"taxonomy":"product_tag","embeddable":true,"href":"https:\/\/kvt-info.shop\/en\/wp-json\/wp\/v2\/product_tag?post=4505"}],"curies":[{"name":"wp","href":"https:\/\/api.w.org\/{rel}","templated":true}]}}