{"id":4504,"date":"2026-01-31T16:44:22","date_gmt":"2026-01-31T15:44:22","guid":{"rendered":"https:\/\/kvt-info.shop\/produkt\/klemmstange-oe13mm-mit-klemmklotz-fuer-bsr61-rolle-faltung-diana\/"},"modified":"2026-01-31T16:44:44","modified_gmt":"2026-01-31T15:44:44","slug":"klemmstange-oe13mm-mit-klemmklotz-fuer-bsr61-rolle-faltung-diana","status":"publish","type":"product","link":"https:\/\/kvt-info.shop\/en\/produkt\/klemmstange-oe13mm-mit-klemmklotz-fuer-bsr61-rolle-faltung-diana\/","title":{"rendered":"Klemmstange  \u00d813mm mit Klemmklotz f\u00fcr BSR61 Rolle Faltung Diana"},"content":{"rendered":"<p>Klemmstange \u00d813mm mit Klemmklotz f\u00fcr BSR61 Rolle Faltung Jagenberg \/ Heidelberg \/ MK Diana.<\/p>\n","protected":false},"excerpt":{"rendered":"<p>Klemmstange \u00d813mm mit Klemmklotz f\u00fcr BSR61 Rolle Faltung Jagenberg \/ Heidelberg \/ MK Diana.<\/p>\n","protected":false},"featured_media":3611,"template":"","meta":{"_themeisle_gutenberg_block_has_review":false},"product_brand":[],"product_cat":[20,26,87],"product_tag":[],"class_list":{"0":"post-4504","1":"product","2":"type-product","3":"status-publish","4":"has-post-thumbnail","6":"product_cat-jagenberg-heidelberg","7":"product_cat-klebemaschine-jagenberg","8":"product_cat-mechanischebauteile-km-jb","10":"first","11":"instock","12":"purchasable","13":"product-type-simple"},"_links":{"self":[{"href":"https:\/\/kvt-info.shop\/en\/wp-json\/wp\/v2\/product\/4504","targetHints":{"allow":["GET"]}}],"collection":[{"href":"https:\/\/kvt-info.shop\/en\/wp-json\/wp\/v2\/product"}],"about":[{"href":"https:\/\/kvt-info.shop\/en\/wp-json\/wp\/v2\/types\/product"}],"wp:featuredmedia":[{"embeddable":true,"href":"https:\/\/kvt-info.shop\/en\/wp-json\/wp\/v2\/media\/3611"}],"wp:attachment":[{"href":"https:\/\/kvt-info.shop\/en\/wp-json\/wp\/v2\/media?parent=4504"}],"wp:term":[{"taxonomy":"product_brand","embeddable":true,"href":"https:\/\/kvt-info.shop\/en\/wp-json\/wp\/v2\/product_brand?post=4504"},{"taxonomy":"product_cat","embeddable":true,"href":"https:\/\/kvt-info.shop\/en\/wp-json\/wp\/v2\/product_cat?post=4504"},{"taxonomy":"product_tag","embeddable":true,"href":"https:\/\/kvt-info.shop\/en\/wp-json\/wp\/v2\/product_tag?post=4504"}],"curies":[{"name":"wp","href":"https:\/\/api.w.org\/{rel}","templated":true}]}}