{"id":4503,"date":"2026-01-31T16:54:25","date_gmt":"2026-01-31T15:54:25","guid":{"rendered":"https:\/\/kvt-info.shop\/produkt\/stahlfoerderrolle-mit-achse-fuer-pressband-jagenberg-diana-165-4\/"},"modified":"2026-01-31T16:54:43","modified_gmt":"2026-01-31T15:54:43","slug":"stahlfoerderrolle-mit-achse-fuer-pressband-jagenberg-diana-165-4","status":"publish","type":"product","link":"https:\/\/kvt-info.shop\/en\/produkt\/stahlfoerderrolle-mit-achse-fuer-pressband-jagenberg-diana-165-4\/","title":{"rendered":"Stahlf\u00f6rderrolle mit Achse f\u00fcr Pressband Jagenberg Diana 165-4"},"content":{"rendered":"<p>Stahlf\u00f6rderrolle mit Achse f\u00fcr Pressband Jagenberg Diana 165-4, mit folgenden Ma\u00dfen: \u00d8R.Aussen= 55mm, L\u00e4nge Rolle= 1324mm; \u00d8A.Aussen= 20mm, L\u00e4nge Achse= 1400mm, Gewinde M10 beidseitig.<\/p>\n","protected":false},"excerpt":{"rendered":"<p>Stahlf\u00f6rderrolle mit Achse f\u00fcr Pressband Jagenberg Diana 165-4, mit folgenden Ma\u00dfen: \u00d8R.Aussen= 55mm, L\u00e4nge Rolle= 1324mm; \u00d8A.Aussen= 20mm, L\u00e4nge Achse= 1400mm, Gewinde M10 beidseitig.<\/p>\n","protected":false},"featured_media":0,"template":"","meta":{"_themeisle_gutenberg_block_has_review":false},"product_brand":[],"product_cat":[20,26,87,92],"product_tag":[],"class_list":{"0":"post-4503","1":"product","2":"type-product","3":"status-publish","5":"product_cat-jagenberg-heidelberg","6":"product_cat-klebemaschine-jagenberg","7":"product_cat-mechanischebauteile-km-jb","8":"product_cat-lager-km-jb","10":"first","11":"instock","12":"purchasable","13":"product-type-simple"},"_links":{"self":[{"href":"https:\/\/kvt-info.shop\/en\/wp-json\/wp\/v2\/product\/4503","targetHints":{"allow":["GET"]}}],"collection":[{"href":"https:\/\/kvt-info.shop\/en\/wp-json\/wp\/v2\/product"}],"about":[{"href":"https:\/\/kvt-info.shop\/en\/wp-json\/wp\/v2\/types\/product"}],"wp:attachment":[{"href":"https:\/\/kvt-info.shop\/en\/wp-json\/wp\/v2\/media?parent=4503"}],"wp:term":[{"taxonomy":"product_brand","embeddable":true,"href":"https:\/\/kvt-info.shop\/en\/wp-json\/wp\/v2\/product_brand?post=4503"},{"taxonomy":"product_cat","embeddable":true,"href":"https:\/\/kvt-info.shop\/en\/wp-json\/wp\/v2\/product_cat?post=4503"},{"taxonomy":"product_tag","embeddable":true,"href":"https:\/\/kvt-info.shop\/en\/wp-json\/wp\/v2\/product_tag?post=4503"}],"curies":[{"name":"wp","href":"https:\/\/api.w.org\/{rel}","templated":true}]}}