{"id":4499,"date":"2025-02-22T14:45:21","date_gmt":"2025-02-22T13:45:21","guid":{"rendered":"https:\/\/kvt-info.shop\/produkt\/anlegerumbau-sk11\/"},"modified":"2025-02-26T12:28:02","modified_gmt":"2025-02-26T11:28:02","slug":"anlegerumbau-sk11","status":"publish","type":"product","link":"https:\/\/kvt-info.shop\/en\/produkt\/anlegerumbau-sk11\/","title":{"rendered":"Anlegerumbau SK11"},"content":{"rendered":"<p>Anlegerumbau SK11 auf Zugband-Riemen mit Spannm\u00f6glichkeitSatz beinhaltet:6x Riemen mit Zugband                                         4x Flanschlager                                                         2 x Platten f\u00fcr die Riemenspannung                     2 x Riemenf\u00fchrungen im Tausch (Aluplatten)<\/p>\n","protected":false},"excerpt":{"rendered":"<p>Anlegerumbau SK11 auf Zugband-Riemen mit Spannm\u00f6glichkeitSatz beinhaltet:6x Riemen mit Zugband 4x Flanschlager 2 x Platten f\u00fcr die Riemenspannung 2 x Riemenf\u00fchrungen im Tausch (Aluplatten)<\/p>\n","protected":false},"featured_media":0,"template":"","meta":{"_themeisle_gutenberg_block_has_review":false},"product_brand":[],"product_cat":[21,71],"product_tag":[],"class_list":{"0":"post-4499","1":"product","2":"type-product","3":"status-publish","5":"product_cat-keck-kohler","6":"product_cat-umbausatz-sk11","8":"first","9":"instock","10":"purchasable","11":"product-type-simple"},"_links":{"self":[{"href":"https:\/\/kvt-info.shop\/en\/wp-json\/wp\/v2\/product\/4499","targetHints":{"allow":["GET"]}}],"collection":[{"href":"https:\/\/kvt-info.shop\/en\/wp-json\/wp\/v2\/product"}],"about":[{"href":"https:\/\/kvt-info.shop\/en\/wp-json\/wp\/v2\/types\/product"}],"wp:attachment":[{"href":"https:\/\/kvt-info.shop\/en\/wp-json\/wp\/v2\/media?parent=4499"}],"wp:term":[{"taxonomy":"product_brand","embeddable":true,"href":"https:\/\/kvt-info.shop\/en\/wp-json\/wp\/v2\/product_brand?post=4499"},{"taxonomy":"product_cat","embeddable":true,"href":"https:\/\/kvt-info.shop\/en\/wp-json\/wp\/v2\/product_cat?post=4499"},{"taxonomy":"product_tag","embeddable":true,"href":"https:\/\/kvt-info.shop\/en\/wp-json\/wp\/v2\/product_tag?post=4499"}],"curies":[{"name":"wp","href":"https:\/\/api.w.org\/{rel}","templated":true}]}}