{"id":3375,"date":"2026-01-31T16:41:19","date_gmt":"2026-01-31T15:41:19","guid":{"rendered":"https:\/\/kvt-info.shop\/produkt\/roller-o80mm-x-36mm-jagenberg-diana-125-165-225\/"},"modified":"2025-02-23T12:26:24","modified_gmt":"2025-02-23T11:26:24","slug":"roll-oe80mm-x-36mm-jagenberg-diana-125-165-225","status":"publish","type":"product","link":"https:\/\/kvt-info.shop\/en\/produkt\/roll-oe80mm-x-36mm-jagenberg-diana-125-165-225\/","title":{"rendered":"Roll \u00d880mm x 36mm Jagenberg Diana 125 + 165 + 225"},"content":{"rendered":"<p>Steel roller with the following dimensions: \u00d880mm x 36mm for ball bearing outer \u00d842 x axle \u00d820mm for Jagenberg Diana 125 + 165 + 225.<\/p>\n","protected":false},"excerpt":{"rendered":"<p>Steel roller with the following dimensions: \u00d880mm x 36mm for ball bearing outer \u00d842 x axle \u00d820mm for Jagenberg Diana 125 + 165 + 225.<\/p>\n","protected":false},"featured_media":2039,"template":"","meta":{"_themeisle_gutenberg_block_has_review":false},"product_brand":[],"product_cat":[128,129,189],"product_tag":[],"class_list":{"0":"post-3375","1":"product","2":"type-product","3":"status-publish","4":"has-post-thumbnail","6":"product_cat-4-jagenberg-heidelberg","7":"product_cat-4-2-gluing-machine","8":"product_cat-4-2-5-bearings-rolls","10":"first","11":"instock","12":"purchasable","13":"product-type-simple"},"_links":{"self":[{"href":"https:\/\/kvt-info.shop\/en\/wp-json\/wp\/v2\/product\/3375","targetHints":{"allow":["GET"]}}],"collection":[{"href":"https:\/\/kvt-info.shop\/en\/wp-json\/wp\/v2\/product"}],"about":[{"href":"https:\/\/kvt-info.shop\/en\/wp-json\/wp\/v2\/types\/product"}],"wp:featuredmedia":[{"embeddable":true,"href":"https:\/\/kvt-info.shop\/en\/wp-json\/wp\/v2\/media\/2039"}],"wp:attachment":[{"href":"https:\/\/kvt-info.shop\/en\/wp-json\/wp\/v2\/media?parent=3375"}],"wp:term":[{"taxonomy":"product_brand","embeddable":true,"href":"https:\/\/kvt-info.shop\/en\/wp-json\/wp\/v2\/product_brand?post=3375"},{"taxonomy":"product_cat","embeddable":true,"href":"https:\/\/kvt-info.shop\/en\/wp-json\/wp\/v2\/product_cat?post=3375"},{"taxonomy":"product_tag","embeddable":true,"href":"https:\/\/kvt-info.shop\/en\/wp-json\/wp\/v2\/product_tag?post=3375"}],"curies":[{"name":"wp","href":"https:\/\/api.w.org\/{rel}","templated":true}]}}