{"id":3296,"date":"2026-01-31T16:41:19","date_gmt":"2026-01-31T15:41:19","guid":{"rendered":"https:\/\/kvt-info.shop\/produkt\/roller-crowned-o64mm-x-25mm-for-feeder-jagenberg-diana-x135-and-inlet-spotter\/"},"modified":"2025-02-23T12:25:53","modified_gmt":"2025-02-23T11:25:53","slug":"roll-crowned-oe64mm-x-25mm-for-jagenberg-diana-x135-feeder-and-inlet-spotter","status":"publish","type":"product","link":"https:\/\/kvt-info.shop\/en\/produkt\/roll-crowned-oe64mm-x-25mm-for-jagenberg-diana-x135-feeder-and-inlet-spotter\/","title":{"rendered":"Roll crowned \u00d864mm x 25mm for Jagenberg Diana X135 feeder and inlet spotter"},"content":{"rendered":"<p>Roller spherical for Jagenberg Diana X135 feeder and inlet spotter, with the following dimensions: \u00d8outside= 64mm ,width= 25mm, \u00d8inside= 25mm and \u00d8=50mm<\/p>\n","protected":false},"excerpt":{"rendered":"<p>Roller spherical for Jagenberg Diana X135 feeder and inlet spotter, with the following dimensions: \u00d8outside= 64mm ,width= 25mm, \u00d8inside= 25mm and \u00d8=50mm<\/p>\n","protected":false},"featured_media":2510,"template":"","meta":{"_themeisle_gutenberg_block_has_review":false},"product_brand":[],"product_cat":[128,129,189],"product_tag":[],"class_list":{"0":"post-3296","1":"product","2":"type-product","3":"status-publish","4":"has-post-thumbnail","6":"product_cat-4-jagenberg-heidelberg","7":"product_cat-4-2-gluing-machine","8":"product_cat-4-2-5-bearings-rolls","10":"first","11":"instock","12":"purchasable","13":"product-type-simple"},"_links":{"self":[{"href":"https:\/\/kvt-info.shop\/en\/wp-json\/wp\/v2\/product\/3296","targetHints":{"allow":["GET"]}}],"collection":[{"href":"https:\/\/kvt-info.shop\/en\/wp-json\/wp\/v2\/product"}],"about":[{"href":"https:\/\/kvt-info.shop\/en\/wp-json\/wp\/v2\/types\/product"}],"wp:featuredmedia":[{"embeddable":true,"href":"https:\/\/kvt-info.shop\/en\/wp-json\/wp\/v2\/media\/2510"}],"wp:attachment":[{"href":"https:\/\/kvt-info.shop\/en\/wp-json\/wp\/v2\/media?parent=3296"}],"wp:term":[{"taxonomy":"product_brand","embeddable":true,"href":"https:\/\/kvt-info.shop\/en\/wp-json\/wp\/v2\/product_brand?post=3296"},{"taxonomy":"product_cat","embeddable":true,"href":"https:\/\/kvt-info.shop\/en\/wp-json\/wp\/v2\/product_cat?post=3296"},{"taxonomy":"product_tag","embeddable":true,"href":"https:\/\/kvt-info.shop\/en\/wp-json\/wp\/v2\/product_tag?post=3296"}],"curies":[{"name":"wp","href":"https:\/\/api.w.org\/{rel}","templated":true}]}}