{"id":3287,"date":"2026-01-31T16:53:48","date_gmt":"2026-01-31T15:53:48","guid":{"rendered":"https:\/\/kvt-info.shop\/produkt\/repair-kit-pulley-drive-pulley-sw36-bobst-domino-145-165\/"},"modified":"2025-02-23T12:38:59","modified_gmt":"2025-02-23T11:38:59","slug":"repair-kit-pulley-drive-pulley-sw36-bobst-domino-145-165","status":"publish","type":"product","link":"https:\/\/kvt-info.shop\/en\/produkt\/repair-kit-pulley-drive-pulley-sw36-bobst-domino-145-165\/","title":{"rendered":"Repair kit pulley \/ drive pulley SW36 Bobst Domino 145 \/ 165"},"content":{"rendered":"<p>Repair kit for pulley\/drive pulley SW36 of a Bobst Domino 145 \/165.In the repair kit, the defective hexagonal drive with width across flats 36mm is cut out and a new flange with replaceable hexagon is inserted.So you do not have to replace the complete pulley when the drive part is worn or defective.There are 3 different variants of this pulley, depending on the machine position:Variant 1 &#8211; \u00d8 55mm x 43mm, without heelVariant 2 &#8211; \u00d8 55mm x 79,2 mm, without heelVariant 3 &#8211; \u00d8 55mm x 66mm, heel \u00d8 74mm x 17mmFor the repair of the pulley you have to send us your defective component.Note: The pulley must not have any cracks!<\/p>\n","protected":false},"excerpt":{"rendered":"<p>Repair kit for pulley\/drive pulley SW36 of a Bobst Domino 145 \/165.In the repair kit, the defective hexagonal drive with width across flats 36mm is cut out and a new flange with replaceable hexagon is inserted.So you do not have to replace the complete pulley when the drive part is worn or defective.There are 3 [&hellip;]<\/p>\n","protected":false},"featured_media":2511,"template":"","meta":{"_themeisle_gutenberg_block_has_review":false},"product_brand":[],"product_cat":[151,160,220,166],"product_tag":[],"class_list":{"0":"post-3287","1":"product","2":"type-product","3":"status-publish","4":"has-post-thumbnail","6":"product_cat-3-bobst","7":"product_cat-3-2-gluing-machines-bobst","8":"product_cat-3-2-1-mechanical-components","9":"product_cat-3-2-7-retrofits","11":"first","12":"instock","13":"purchasable","14":"product-type-simple"},"_links":{"self":[{"href":"https:\/\/kvt-info.shop\/en\/wp-json\/wp\/v2\/product\/3287","targetHints":{"allow":["GET"]}}],"collection":[{"href":"https:\/\/kvt-info.shop\/en\/wp-json\/wp\/v2\/product"}],"about":[{"href":"https:\/\/kvt-info.shop\/en\/wp-json\/wp\/v2\/types\/product"}],"wp:featuredmedia":[{"embeddable":true,"href":"https:\/\/kvt-info.shop\/en\/wp-json\/wp\/v2\/media\/2511"}],"wp:attachment":[{"href":"https:\/\/kvt-info.shop\/en\/wp-json\/wp\/v2\/media?parent=3287"}],"wp:term":[{"taxonomy":"product_brand","embeddable":true,"href":"https:\/\/kvt-info.shop\/en\/wp-json\/wp\/v2\/product_brand?post=3287"},{"taxonomy":"product_cat","embeddable":true,"href":"https:\/\/kvt-info.shop\/en\/wp-json\/wp\/v2\/product_cat?post=3287"},{"taxonomy":"product_tag","embeddable":true,"href":"https:\/\/kvt-info.shop\/en\/wp-json\/wp\/v2\/product_tag?post=3287"}],"curies":[{"name":"wp","href":"https:\/\/api.w.org\/{rel}","templated":true}]}}