{"id":3276,"date":"2026-01-31T16:51:17","date_gmt":"2026-01-31T15:51:17","guid":{"rendered":"https:\/\/kvt-info.shop\/produkt\/press-roller-drive-roller-with-shaft-for-jagenberg-diana-165-4-185-transfer-station\/"},"modified":"2025-02-23T12:16:23","modified_gmt":"2025-02-23T11:16:23","slug":"castor-oe52x25mm-drive-roller-oe52x65mm-with-shaft-for-jagenberg-diana-165-185","status":"publish","type":"product","link":"https:\/\/kvt-info.shop\/en\/produkt\/castor-oe52x25mm-drive-roller-oe52x65mm-with-shaft-for-jagenberg-diana-165-185\/","title":{"rendered":"Castor \u00d852x25mm + Drive Roller \u00d852x65mm with shaft for Jagenberg Diana 165 \/ 185"},"content":{"rendered":"<p>Roller, drive roller with shaft for Jagenberg Diana 165-4 \/ 185 with the following dimensions: Roller1 \u00d852mm x 65mm, roller2 crowned \u00d852mm x 25mm, axle \u00d825mm x180mm<\/p>\n","protected":false},"excerpt":{"rendered":"<p>Roller, drive roller with shaft for Jagenberg Diana 165-4 \/ 185 with the following dimensions: Roller1 \u00d852mm x 65mm, roller2 crowned \u00d852mm x 25mm, axle \u00d825mm x180mm<\/p>\n","protected":false},"featured_media":2514,"template":"","meta":{"_themeisle_gutenberg_block_has_review":false},"product_brand":[],"product_cat":[128,129,189],"product_tag":[],"class_list":{"0":"post-3276","1":"product","2":"type-product","3":"status-publish","4":"has-post-thumbnail","6":"product_cat-4-jagenberg-heidelberg","7":"product_cat-4-2-gluing-machine","8":"product_cat-4-2-5-bearings-rolls","10":"first","11":"instock","12":"purchasable","13":"product-type-simple"},"_links":{"self":[{"href":"https:\/\/kvt-info.shop\/en\/wp-json\/wp\/v2\/product\/3276","targetHints":{"allow":["GET"]}}],"collection":[{"href":"https:\/\/kvt-info.shop\/en\/wp-json\/wp\/v2\/product"}],"about":[{"href":"https:\/\/kvt-info.shop\/en\/wp-json\/wp\/v2\/types\/product"}],"wp:featuredmedia":[{"embeddable":true,"href":"https:\/\/kvt-info.shop\/en\/wp-json\/wp\/v2\/media\/2514"}],"wp:attachment":[{"href":"https:\/\/kvt-info.shop\/en\/wp-json\/wp\/v2\/media?parent=3276"}],"wp:term":[{"taxonomy":"product_brand","embeddable":true,"href":"https:\/\/kvt-info.shop\/en\/wp-json\/wp\/v2\/product_brand?post=3276"},{"taxonomy":"product_cat","embeddable":true,"href":"https:\/\/kvt-info.shop\/en\/wp-json\/wp\/v2\/product_cat?post=3276"},{"taxonomy":"product_tag","embeddable":true,"href":"https:\/\/kvt-info.shop\/en\/wp-json\/wp\/v2\/product_tag?post=3276"}],"curies":[{"name":"wp","href":"https:\/\/api.w.org\/{rel}","templated":true}]}}