{"id":3269,"date":"2026-01-31T16:38:47","date_gmt":"2026-01-31T15:38:47","guid":{"rendered":"https:\/\/kvt-info.shop\/produkt\/polygon-guide-rod-300mm-o16\/"},"modified":"2025-02-23T12:08:45","modified_gmt":"2025-02-23T11:08:45","slug":"polygon-guide-rod-300mm-oe16","status":"publish","type":"product","link":"https:\/\/kvt-info.shop\/en\/produkt\/polygon-guide-rod-300mm-oe16\/","title":{"rendered":"Polygon guide rod 300mm \u00d816"},"content":{"rendered":"<p>Polygon guide rod \u00d816mm with a length of 300mm and a surface right and left and a hole \u00d810.5mm.<\/p>\n","protected":false},"excerpt":{"rendered":"<p>Polygon guide rod \u00d816mm with a length of 300mm and a surface right and left and a hole \u00d810.5mm.<\/p>\n","protected":false},"featured_media":1976,"template":"","meta":{"_themeisle_gutenberg_block_has_review":false},"product_brand":[],"product_cat":[151,160,220,128,129,130],"product_tag":[],"class_list":{"0":"post-3269","1":"product","2":"type-product","3":"status-publish","4":"has-post-thumbnail","6":"product_cat-3-bobst","7":"product_cat-3-2-gluing-machines-bobst","8":"product_cat-3-2-1-mechanical-components","9":"product_cat-4-jagenberg-heidelberg","10":"product_cat-4-2-gluing-machine","11":"product_cat-4-2-1-mechanical-components","13":"first","14":"instock","15":"purchasable","16":"product-type-simple"},"_links":{"self":[{"href":"https:\/\/kvt-info.shop\/en\/wp-json\/wp\/v2\/product\/3269","targetHints":{"allow":["GET"]}}],"collection":[{"href":"https:\/\/kvt-info.shop\/en\/wp-json\/wp\/v2\/product"}],"about":[{"href":"https:\/\/kvt-info.shop\/en\/wp-json\/wp\/v2\/types\/product"}],"wp:featuredmedia":[{"embeddable":true,"href":"https:\/\/kvt-info.shop\/en\/wp-json\/wp\/v2\/media\/1976"}],"wp:attachment":[{"href":"https:\/\/kvt-info.shop\/en\/wp-json\/wp\/v2\/media?parent=3269"}],"wp:term":[{"taxonomy":"product_brand","embeddable":true,"href":"https:\/\/kvt-info.shop\/en\/wp-json\/wp\/v2\/product_brand?post=3269"},{"taxonomy":"product_cat","embeddable":true,"href":"https:\/\/kvt-info.shop\/en\/wp-json\/wp\/v2\/product_cat?post=3269"},{"taxonomy":"product_tag","embeddable":true,"href":"https:\/\/kvt-info.shop\/en\/wp-json\/wp\/v2\/product_tag?post=3269"}],"curies":[{"name":"wp","href":"https:\/\/api.w.org\/{rel}","templated":true}]}}