{"id":3262,"date":"2026-01-31T16:48:10","date_gmt":"2026-01-31T15:48:10","guid":{"rendered":"https:\/\/kvt-info.shop\/produkt\/hold-down-device-o16-guide-folding-station-bobst\/"},"modified":"2025-02-23T12:09:19","modified_gmt":"2025-02-23T11:09:19","slug":"hold-down-device-oe16-guide-for-the-bobst-folding-station","status":"publish","type":"product","link":"https:\/\/kvt-info.shop\/en\/produkt\/hold-down-device-oe16-guide-for-the-bobst-folding-station\/","title":{"rendered":"Hold-down device \u00d816 guide for the Bobst folding station"},"content":{"rendered":"<p>Low holder complete \u00d816Set consists of the following components1x rod \u00d816mm x 300mm length with front M12 bore1x M12 hexagon brass screw1x bow \u00d8<\/p>\n","protected":false},"excerpt":{"rendered":"<p>Low holder complete \u00d816Set consists of the following components1x rod \u00d816mm x 300mm length with front M12 bore1x M12 hexagon brass screw1x bow \u00d8<\/p>\n","protected":false},"featured_media":1985,"template":"","meta":{"_themeisle_gutenberg_block_has_review":false},"product_brand":[],"product_cat":[151,160,220,128,129,130],"product_tag":[],"class_list":{"0":"post-3262","1":"product","2":"type-product","3":"status-publish","4":"has-post-thumbnail","6":"product_cat-3-bobst","7":"product_cat-3-2-gluing-machines-bobst","8":"product_cat-3-2-1-mechanical-components","9":"product_cat-4-jagenberg-heidelberg","10":"product_cat-4-2-gluing-machine","11":"product_cat-4-2-1-mechanical-components","13":"first","14":"instock","15":"purchasable","16":"product-type-simple"},"_links":{"self":[{"href":"https:\/\/kvt-info.shop\/en\/wp-json\/wp\/v2\/product\/3262","targetHints":{"allow":["GET"]}}],"collection":[{"href":"https:\/\/kvt-info.shop\/en\/wp-json\/wp\/v2\/product"}],"about":[{"href":"https:\/\/kvt-info.shop\/en\/wp-json\/wp\/v2\/types\/product"}],"wp:featuredmedia":[{"embeddable":true,"href":"https:\/\/kvt-info.shop\/en\/wp-json\/wp\/v2\/media\/1985"}],"wp:attachment":[{"href":"https:\/\/kvt-info.shop\/en\/wp-json\/wp\/v2\/media?parent=3262"}],"wp:term":[{"taxonomy":"product_brand","embeddable":true,"href":"https:\/\/kvt-info.shop\/en\/wp-json\/wp\/v2\/product_brand?post=3262"},{"taxonomy":"product_cat","embeddable":true,"href":"https:\/\/kvt-info.shop\/en\/wp-json\/wp\/v2\/product_cat?post=3262"},{"taxonomy":"product_tag","embeddable":true,"href":"https:\/\/kvt-info.shop\/en\/wp-json\/wp\/v2\/product_tag?post=3262"}],"curies":[{"name":"wp","href":"https:\/\/api.w.org\/{rel}","templated":true}]}}